{"id":1402,"date":"2021-10-18T05:41:54","date_gmt":"2021-10-18T05:41:54","guid":{"rendered":"https:\/\/eyrsecurity.com\/?post_type=product&#038;p=1402"},"modified":"2021-10-22T02:33:45","modified_gmt":"2021-10-22T02:33:45","slug":"cinta-reflectiva-3m-amarillo","status":"publish","type":"product","link":"https:\/\/eyrsecurity.com\/?product=cinta-reflectiva-3m-amarillo","title":{"rendered":"CINTA REFLECTIVA 3M AMARILLO"},"content":{"rendered":"<p>No met\u00e1lico, por lo que no se corroe. Resistente a lavado a alta presi\u00f3n hasta 1200 psi Adehesivo agresivo que garantiza la durabilidad de su instalaci\u00f3n.<\/p>\n<p>Los colores v\u00edvidos y los blancos brillantes garantizan una reflectividad m\u00e1xima y un color diurno superior.<\/p>\n<p>Duradero: Resiste climas severos, suciedad y a\u00f1ejamiento.<\/p>\n<p>Las marcas de los autobuses escolares Diamond Grade \u2122 de la serie 983 son marcas microprism\u00e1ticas altamente retrorreflectantes dise\u00f1adas para mejorar la visibilidad de los autobuses escolares a los conductores que se acercan.<\/p>\n<p>Certificaci\u00f3n DOT C2.<\/p>\n","protected":false},"excerpt":{"rendered":"<p>Cinta de marcaci\u00f3n veh\u00edcular, fabricado con l\u00e1mina micro-prism\u00e1tica grado diamante. Alta angularidad y reflectividad. Altamente durable.<\/p>\n","protected":false},"featured_media":2049,"comment_status":"open","ping_status":"closed","template":"","meta":{"site-sidebar-layout":"default","site-content-layout":"default","ast-main-header-display":"","ast-hfb-above-header-display":"","ast-hfb-below-header-display":"","ast-hfb-mobile-header-display":"","site-post-title":"","ast-breadcrumbs-content":"","ast-featured-img":"","footer-sml-layout":"","theme-transparent-header-meta":"default","adv-header-id-meta":"","stick-header-meta":"","header-above-stick-meta":"","header-main-stick-meta":"","header-below-stick-meta":""},"product_brand":[],"product_cat":[31],"product_tag":[],"class_list":{"0":"post-1402","1":"product","2":"type-product","3":"status-publish","4":"has-post-thumbnail","6":"product_cat-seguridad-vial","8":"first","9":"instock","10":"shipping-taxable","11":"product-type-simple"},"_links":{"self":[{"href":"https:\/\/eyrsecurity.com\/index.php?rest_route=\/wp\/v2\/product\/1402","targetHints":{"allow":["GET"]}}],"collection":[{"href":"https:\/\/eyrsecurity.com\/index.php?rest_route=\/wp\/v2\/product"}],"about":[{"href":"https:\/\/eyrsecurity.com\/index.php?rest_route=\/wp\/v2\/types\/product"}],"replies":[{"embeddable":true,"href":"https:\/\/eyrsecurity.com\/index.php?rest_route=%2Fwp%2Fv2%2Fcomments&post=1402"}],"wp:featuredmedia":[{"embeddable":true,"href":"https:\/\/eyrsecurity.com\/index.php?rest_route=\/wp\/v2\/media\/2049"}],"wp:attachment":[{"href":"https:\/\/eyrsecurity.com\/index.php?rest_route=%2Fwp%2Fv2%2Fmedia&parent=1402"}],"wp:term":[{"taxonomy":"product_brand","embeddable":true,"href":"https:\/\/eyrsecurity.com\/index.php?rest_route=%2Fwp%2Fv2%2Fproduct_brand&post=1402"},{"taxonomy":"product_cat","embeddable":true,"href":"https:\/\/eyrsecurity.com\/index.php?rest_route=%2Fwp%2Fv2%2Fproduct_cat&post=1402"},{"taxonomy":"product_tag","embeddable":true,"href":"https:\/\/eyrsecurity.com\/index.php?rest_route=%2Fwp%2Fv2%2Fproduct_tag&post=1402"}],"curies":[{"name":"wp","href":"https:\/\/api.w.org\/{rel}","templated":true}]}}