{"id":1394,"date":"2021-10-18T05:41:53","date_gmt":"2021-10-18T05:41:53","guid":{"rendered":"https:\/\/eyrsecurity.com\/?post_type=product&#038;p=1394"},"modified":"2021-10-22T04:23:18","modified_gmt":"2021-10-22T04:23:18","slug":"cono-de-pvc","status":"publish","type":"product","link":"https:\/\/eyrsecurity.com\/?product=cono-de-pvc","title":{"rendered":"CONO DE PVC"},"content":{"rendered":"<h4>Caracter\u00edsticas<\/h4>\n<p>Fabricado de PVC &#8211; polivinil, flexible, que incorpora el pigmento fluorescente en toda su masa, lo que hace que no decolore prematuramente.<br \/>\nDisponible en color naranja<br \/>\nAlta visibilidad, se puede adherir cinta reflectiva que permite identificarlos a cualquier hora del d\u00eda<br \/>\nPosee base pesada para mayor seguridad y estabilidad.<br \/>\nTama\u00f1os: 12\u201d, 18\u201d, 28\u201d y 36\u201d.<br \/>\nPeso 28&#8243; &#8212;&#8212; 2.14 kg<br \/>\nPeso 36&#8243; &#8212;&#8212; 3.80 kg<br \/>\nPeso 18&#8243; &#8212;&#8212; 1.10 kg<br \/>\nPeso 12&#8243; &#8212;&#8212; 0.50 kg<\/p>\n","protected":false},"excerpt":{"rendered":"<p>El cono de PVC es un elemento indispensable para la seguridad vial.<br \/>\nProporciona un m\u00e9todo r\u00e1pido y f\u00e1cil de resaltar e indicar Zonas de riesgo.<br \/>\nConos de fabricaci\u00f3n en PVC polivinil de alta resistencia a condiciones ambientales.<\/p>\n","protected":false},"featured_media":2054,"comment_status":"open","ping_status":"closed","template":"","meta":{"site-sidebar-layout":"default","site-content-layout":"default","ast-main-header-display":"","ast-hfb-above-header-display":"","ast-hfb-below-header-display":"","ast-hfb-mobile-header-display":"","site-post-title":"","ast-breadcrumbs-content":"","ast-featured-img":"","footer-sml-layout":"","theme-transparent-header-meta":"default","adv-header-id-meta":"","stick-header-meta":"","header-above-stick-meta":"","header-main-stick-meta":"","header-below-stick-meta":""},"product_brand":[],"product_cat":[31],"product_tag":[],"class_list":{"0":"post-1394","1":"product","2":"type-product","3":"status-publish","4":"has-post-thumbnail","6":"product_cat-seguridad-vial","8":"first","9":"instock","10":"shipping-taxable","11":"product-type-simple"},"_links":{"self":[{"href":"https:\/\/eyrsecurity.com\/index.php?rest_route=\/wp\/v2\/product\/1394","targetHints":{"allow":["GET"]}}],"collection":[{"href":"https:\/\/eyrsecurity.com\/index.php?rest_route=\/wp\/v2\/product"}],"about":[{"href":"https:\/\/eyrsecurity.com\/index.php?rest_route=\/wp\/v2\/types\/product"}],"replies":[{"embeddable":true,"href":"https:\/\/eyrsecurity.com\/index.php?rest_route=%2Fwp%2Fv2%2Fcomments&post=1394"}],"wp:featuredmedia":[{"embeddable":true,"href":"https:\/\/eyrsecurity.com\/index.php?rest_route=\/wp\/v2\/media\/2054"}],"wp:attachment":[{"href":"https:\/\/eyrsecurity.com\/index.php?rest_route=%2Fwp%2Fv2%2Fmedia&parent=1394"}],"wp:term":[{"taxonomy":"product_brand","embeddable":true,"href":"https:\/\/eyrsecurity.com\/index.php?rest_route=%2Fwp%2Fv2%2Fproduct_brand&post=1394"},{"taxonomy":"product_cat","embeddable":true,"href":"https:\/\/eyrsecurity.com\/index.php?rest_route=%2Fwp%2Fv2%2Fproduct_cat&post=1394"},{"taxonomy":"product_tag","embeddable":true,"href":"https:\/\/eyrsecurity.com\/index.php?rest_route=%2Fwp%2Fv2%2Fproduct_tag&post=1394"}],"curies":[{"name":"wp","href":"https:\/\/api.w.org\/{rel}","templated":true}]}}