{"id":1390,"date":"2021-10-18T05:41:53","date_gmt":"2021-10-18T05:41:53","guid":{"rendered":"https:\/\/eyrsecurity.com\/?post_type=product&#038;p=1390"},"modified":"2021-10-22T02:38:22","modified_gmt":"2021-10-22T02:38:22","slug":"cilindro-vial-de-seguridad","status":"publish","type":"product","link":"https:\/\/eyrsecurity.com\/?product=cilindro-vial-de-seguridad","title":{"rendered":"CILINDRO VIAL DE SEGURIDAD"},"content":{"rendered":"<div class=\"elementor-element elementor-element-1c3fae5 ob-harakiri-inherit elementor-widget elementor-widget-heading\" data-id=\"1c3fae5\" data-element_type=\"widget\" data-settings=\"{&quot;_ob_harakiri_writing_mode&quot;:&quot;inherit&quot;,&quot;_ob_perspektive_use&quot;:&quot;no&quot;,&quot;_ob_shadough_use&quot;:&quot;no&quot;,&quot;_ob_allow_hoveranimator&quot;:&quot;no&quot;,&quot;_ob_widget_stalker_use&quot;:&quot;no&quot;}\" data-widget_type=\"heading.default\">\n<div class=\"elementor-widget-container\">\n<h4 class=\"elementor-heading-title elementor-size-default\">Descripci\u00f3n<\/h4>\n<\/div>\n<\/div>\n<div class=\"elementor-element elementor-element-6e8f5177 elementor-widget elementor-widget-woocommerce-product-short-description\" data-id=\"6e8f5177\" data-element_type=\"widget\" data-settings=\"{&quot;_ob_perspektive_use&quot;:&quot;no&quot;,&quot;_ob_shadough_use&quot;:&quot;no&quot;,&quot;_ob_allow_hoveranimator&quot;:&quot;no&quot;,&quot;_ob_widget_stalker_use&quot;:&quot;no&quot;}\" data-widget_type=\"woocommerce-product-short-description.default\">\n<div class=\"elementor-widget-container\">\n<div class=\"woocommerce-product-details__short-description\">\n<ul>\n<li>Son livianos y f\u00e1ciles de transportar<\/li>\n<li>Poseen agujeros en el asa para la colocaci\u00f3n de luces permanentes de advertencia, letreros, etc.<\/li>\n<li>Su base octogonal le confiere buena estabilidad y permite, de ser necesario, acoplar una banda de rodamiento de llanta de cami\u00f3n, d\u00e1ndole mayor peso a la base.<\/li>\n<li>De color naranja y con dos franjas de 4\u201d de alto de l\u00e1mina reflectiva para mayor visibilidad.<\/li>\n<li>Cumple con la norma del MTC.<\/li>\n<\/ul>\n<\/div>\n<\/div>\n<\/div>\n","protected":false},"excerpt":{"rendered":"<p><strong>Barril \/ cilindro seguridad vial\u00a0<\/strong>, son dispositivos de control de tr\u00e1fico que se utilizan para canalizar el tr\u00e1fico de veh\u00edculos motorizados a trav\u00e9s de sitios de construcci\u00f3n o para advertir a los automovilistas sobre actividades de construcci\u00f3n cerca de la carretera.<\/p>\n","protected":false},"featured_media":2046,"comment_status":"open","ping_status":"closed","template":"","meta":{"site-sidebar-layout":"default","site-content-layout":"default","ast-main-header-display":"","ast-hfb-above-header-display":"","ast-hfb-below-header-display":"","ast-hfb-mobile-header-display":"","site-post-title":"","ast-breadcrumbs-content":"","ast-featured-img":"","footer-sml-layout":"","theme-transparent-header-meta":"default","adv-header-id-meta":"","stick-header-meta":"","header-above-stick-meta":"","header-main-stick-meta":"","header-below-stick-meta":""},"product_brand":[],"product_cat":[31],"product_tag":[],"class_list":{"0":"post-1390","1":"product","2":"type-product","3":"status-publish","4":"has-post-thumbnail","6":"product_cat-seguridad-vial","8":"first","9":"instock","10":"shipping-taxable","11":"product-type-simple"},"_links":{"self":[{"href":"https:\/\/eyrsecurity.com\/index.php?rest_route=\/wp\/v2\/product\/1390","targetHints":{"allow":["GET"]}}],"collection":[{"href":"https:\/\/eyrsecurity.com\/index.php?rest_route=\/wp\/v2\/product"}],"about":[{"href":"https:\/\/eyrsecurity.com\/index.php?rest_route=\/wp\/v2\/types\/product"}],"replies":[{"embeddable":true,"href":"https:\/\/eyrsecurity.com\/index.php?rest_route=%2Fwp%2Fv2%2Fcomments&post=1390"}],"wp:featuredmedia":[{"embeddable":true,"href":"https:\/\/eyrsecurity.com\/index.php?rest_route=\/wp\/v2\/media\/2046"}],"wp:attachment":[{"href":"https:\/\/eyrsecurity.com\/index.php?rest_route=%2Fwp%2Fv2%2Fmedia&parent=1390"}],"wp:term":[{"taxonomy":"product_brand","embeddable":true,"href":"https:\/\/eyrsecurity.com\/index.php?rest_route=%2Fwp%2Fv2%2Fproduct_brand&post=1390"},{"taxonomy":"product_cat","embeddable":true,"href":"https:\/\/eyrsecurity.com\/index.php?rest_route=%2Fwp%2Fv2%2Fproduct_cat&post=1390"},{"taxonomy":"product_tag","embeddable":true,"href":"https:\/\/eyrsecurity.com\/index.php?rest_route=%2Fwp%2Fv2%2Fproduct_tag&post=1390"}],"curies":[{"name":"wp","href":"https:\/\/api.w.org\/{rel}","templated":true}]}}