{"id":1388,"date":"2021-10-18T05:41:53","date_gmt":"2021-10-18T05:41:53","guid":{"rendered":"https:\/\/eyrsecurity.com\/?post_type=product&#038;p=1388"},"modified":"2021-10-22T02:36:44","modified_gmt":"2021-10-22T02:36:44","slug":"cachaco-de-concreto","status":"publish","type":"product","link":"https:\/\/eyrsecurity.com\/?product=cachaco-de-concreto","title":{"rendered":"CACHACO DE CONCRETO"},"content":{"rendered":"<p>Caracter\u00edsticas: Parante de madera con base de concreto que brinda seguridad.<\/p>\n<p>Material: Concreto<\/p>\n<p>Su uso es obligatorio, para delimitar un \u00e1rea. Una buena se\u00f1alizaci\u00f3n puede disminuir riegos preventivos. Las medidas son referenciales.<\/p>\n<p>Guardar en un lugar seguro y limpio. Colocar adecuadamente para una buena visi\u00f3n del producto. Una correcta se\u00f1alizaci\u00f3n es fundamental para evitar accidentes.<\/p>\n","protected":false},"excerpt":{"rendered":"<p>Caracter\u00edsticas: Parante de madera con base de concreto que brinda seguridad. Material: Concreto Su uso es obligatorio, para delimitar un \u00e1rea. Una buena se\u00f1alizaci\u00f3n puede disminuir riegos preventivos. Las medidas son referenciales. Guardar en un lugar seguro y limpio. Colocar adecuadamente para una buena visi\u00f3n del producto. Una correcta se\u00f1alizaci\u00f3n es fundamental para evitar accidentes.<\/p>\n","protected":false},"featured_media":2059,"comment_status":"open","ping_status":"closed","template":"","meta":{"site-sidebar-layout":"default","site-content-layout":"default","ast-main-header-display":"","ast-hfb-above-header-display":"","ast-hfb-below-header-display":"","ast-hfb-mobile-header-display":"","site-post-title":"","ast-breadcrumbs-content":"","ast-featured-img":"","footer-sml-layout":"","theme-transparent-header-meta":"default","adv-header-id-meta":"","stick-header-meta":"","header-above-stick-meta":"","header-main-stick-meta":"","header-below-stick-meta":""},"product_brand":[],"product_cat":[31],"product_tag":[],"class_list":{"0":"post-1388","1":"product","2":"type-product","3":"status-publish","4":"has-post-thumbnail","6":"product_cat-seguridad-vial","8":"first","9":"instock","10":"shipping-taxable","11":"product-type-simple"},"_links":{"self":[{"href":"https:\/\/eyrsecurity.com\/index.php?rest_route=\/wp\/v2\/product\/1388","targetHints":{"allow":["GET"]}}],"collection":[{"href":"https:\/\/eyrsecurity.com\/index.php?rest_route=\/wp\/v2\/product"}],"about":[{"href":"https:\/\/eyrsecurity.com\/index.php?rest_route=\/wp\/v2\/types\/product"}],"replies":[{"embeddable":true,"href":"https:\/\/eyrsecurity.com\/index.php?rest_route=%2Fwp%2Fv2%2Fcomments&post=1388"}],"wp:featuredmedia":[{"embeddable":true,"href":"https:\/\/eyrsecurity.com\/index.php?rest_route=\/wp\/v2\/media\/2059"}],"wp:attachment":[{"href":"https:\/\/eyrsecurity.com\/index.php?rest_route=%2Fwp%2Fv2%2Fmedia&parent=1388"}],"wp:term":[{"taxonomy":"product_brand","embeddable":true,"href":"https:\/\/eyrsecurity.com\/index.php?rest_route=%2Fwp%2Fv2%2Fproduct_brand&post=1388"},{"taxonomy":"product_cat","embeddable":true,"href":"https:\/\/eyrsecurity.com\/index.php?rest_route=%2Fwp%2Fv2%2Fproduct_cat&post=1388"},{"taxonomy":"product_tag","embeddable":true,"href":"https:\/\/eyrsecurity.com\/index.php?rest_route=%2Fwp%2Fv2%2Fproduct_tag&post=1388"}],"curies":[{"name":"wp","href":"https:\/\/api.w.org\/{rel}","templated":true}]}}