{"id":1385,"date":"2021-10-18T05:41:53","date_gmt":"2021-10-18T05:41:53","guid":{"rendered":"https:\/\/eyrsecurity.com\/?post_type=product&#038;p=1385"},"modified":"2021-10-21T12:57:45","modified_gmt":"2021-10-21T12:57:45","slug":"bandeja-metalica-galvanizada-anti-derrame","status":"publish","type":"product","link":"https:\/\/eyrsecurity.com\/?product=bandeja-metalica-galvanizada-anti-derrame","title":{"rendered":"BANDEJA MET\u00c1LICA GALVANIZADA ANTI DERRAME"},"content":{"rendered":"<h4>Caracter\u00edsticas<\/h4>\n<ul>\n<li>Material y estructura de fierro para una mejor consistencia, logrando as\u00ed una alta contenci\u00f3n de los l\u00edquidos o sustancias qu\u00edmicas a proteger.<\/li>\n<li>Principal funci\u00f3n es evitar y movilizar grandes cantidades de estas sustancias provenientes de m\u00e1quinas industriales, equipos mec\u00e1nicos, veh\u00edculos industriales, equipos de almacenamiento de sustancias peligrosas, puntos de disposici\u00f3n residuos peligrosos etc.<\/li>\n<\/ul>\n","protected":false},"excerpt":{"rendered":"<p>Caracter\u00edsticas Material y estructura de fierro para una mejor consistencia, logrando as\u00ed una alta contenci\u00f3n de los l\u00edquidos o sustancias qu\u00edmicas a proteger. Principal funci\u00f3n es evitar y movilizar grandes cantidades de estas sustancias provenientes de m\u00e1quinas industriales, equipos mec\u00e1nicos, veh\u00edculos industriales, equipos de almacenamiento de sustancias peligrosas, puntos de disposici\u00f3n residuos peligrosos etc.<\/p>\n","protected":false},"featured_media":1993,"comment_status":"open","ping_status":"closed","template":"","meta":{"site-sidebar-layout":"default","site-content-layout":"default","ast-main-header-display":"","ast-hfb-above-header-display":"","ast-hfb-below-header-display":"","ast-hfb-mobile-header-display":"","site-post-title":"","ast-breadcrumbs-content":"","ast-featured-img":"","footer-sml-layout":"","theme-transparent-header-meta":"default","adv-header-id-meta":"","stick-header-meta":"","header-above-stick-meta":"","header-main-stick-meta":"","header-below-stick-meta":""},"product_brand":[],"product_cat":[30],"product_tag":[],"class_list":{"0":"post-1385","1":"product","2":"type-product","3":"status-publish","4":"has-post-thumbnail","6":"product_cat-limpieza-y-contencion","8":"first","9":"instock","10":"shipping-taxable","11":"product-type-simple"},"_links":{"self":[{"href":"https:\/\/eyrsecurity.com\/index.php?rest_route=\/wp\/v2\/product\/1385","targetHints":{"allow":["GET"]}}],"collection":[{"href":"https:\/\/eyrsecurity.com\/index.php?rest_route=\/wp\/v2\/product"}],"about":[{"href":"https:\/\/eyrsecurity.com\/index.php?rest_route=\/wp\/v2\/types\/product"}],"replies":[{"embeddable":true,"href":"https:\/\/eyrsecurity.com\/index.php?rest_route=%2Fwp%2Fv2%2Fcomments&post=1385"}],"wp:featuredmedia":[{"embeddable":true,"href":"https:\/\/eyrsecurity.com\/index.php?rest_route=\/wp\/v2\/media\/1993"}],"wp:attachment":[{"href":"https:\/\/eyrsecurity.com\/index.php?rest_route=%2Fwp%2Fv2%2Fmedia&parent=1385"}],"wp:term":[{"taxonomy":"product_brand","embeddable":true,"href":"https:\/\/eyrsecurity.com\/index.php?rest_route=%2Fwp%2Fv2%2Fproduct_brand&post=1385"},{"taxonomy":"product_cat","embeddable":true,"href":"https:\/\/eyrsecurity.com\/index.php?rest_route=%2Fwp%2Fv2%2Fproduct_cat&post=1385"},{"taxonomy":"product_tag","embeddable":true,"href":"https:\/\/eyrsecurity.com\/index.php?rest_route=%2Fwp%2Fv2%2Fproduct_tag&post=1385"}],"curies":[{"name":"wp","href":"https:\/\/api.w.org\/{rel}","templated":true}]}}