{"id":1384,"date":"2021-10-18T05:41:53","date_gmt":"2021-10-18T05:41:53","guid":{"rendered":"https:\/\/eyrsecurity.com\/?post_type=product&#038;p=1384"},"modified":"2021-10-21T12:57:26","modified_gmt":"2021-10-21T12:57:26","slug":"cordon-absorbente-t-270-3m","status":"publish","type":"product","link":"https:\/\/eyrsecurity.com\/?product=cordon-absorbente-t-270-3m","title":{"rendered":"CORDON ABSORBENTE T.270 3M"},"content":{"rendered":"<p>Los booms (salchichas) T-270 pueden formar cadenas uni\u00e9ndolos mediante conectores ubicados en sus extremos para cubrir cualquier tama\u00f1o de \u00e1rea incluso para derrames en mar abierto y \u00e1reas cercanas a la costa. No se deterioran ni desintegran, y a diferencia de las salchichas contenedoras no absorbentes, los booms T-270 no solamente absorben sino queretienen el l\u00edquido.<\/p>\n<p>Longitud: 3,05 m<\/p>\n<p>Tama\u00f1o: 200 mm x 3 m<\/p>\n<p>Tipo de vertido:\u00a0<strong>Hidrocarburos<\/strong>: carburante\/di\u00e9sel\/motor, Aceites minerales<\/p>\n","protected":false},"excerpt":{"rendered":"<table class=\"MMM--dat MMM--pdpTabVr SNAPS--SpecTbl-Mt15\">\n<tbody>\n<tr class=\"MMM--dat-row\">\n<td>\n<div class=\"MMM--dat-cell SNAPS-specAdjust\"><span class=\"MMM--txt_bold\">Aplicaciones<\/span><\/div>\n<\/td>\n<td>\n<div class=\"MMM--dat-cell dat-cell_specDefinition SNAPS-specAdjust SNAPS--SpecTbl-RowCols SNAPS--SpecTbl-Overflow\"><span class=\"MMM--txt_bold\">Workplace Safety<\/span><\/div>\n<\/td>\n<\/tr>\n<tr class=\"MMM--dat-row\">\n<td>\n<div class=\"MMM--dat-cell SNAPS-specAdjust\"><span class=\"MMM--txt_bold\">\u00c1rea de Derrame<\/span><\/div>\n<\/td>\n<td>\n<div class=\"MMM--dat-cell dat-cell_specDefinition SNAPS-specAdjust SNAPS--SpecTbl-RowCols SNAPS--SpecTbl-Overflow\"><span class=\"MMM--txt_bold\">Docks\/Piers\/Boats<\/span><span class=\"MMM--txt_bold\">, Streams\/Rivers\/Lakes<\/span><\/div>\n<\/td>\n<\/tr>\n<tr class=\"MMM--dat-row\">\n<td>\n<div class=\"MMM--dat-cell SNAPS-specAdjust\"><span class=\"MMM--txt_bold\">Color del Producto<\/span><\/div>\n<\/td>\n<td>\n<div class=\"MMM--dat-cell dat-cell_specDefinition SNAPS-specAdjust SNAPS--SpecTbl-RowCols SNAPS--SpecTbl-Overflow\"><span class=\"MMM--txt_bold\">Blanco<\/span><\/div>\n<\/td>\n<\/tr>\n<tr class=\"MMM--dat-row\">\n<td>\n<div class=\"MMM--dat-cell SNAPS-specAdjust\"><span class=\"MMM--txt_bold\">Di\u00e1metro total (M\u00e9trico)<\/span><\/div>\n<\/td>\n<td>\n<div class=\"MMM--dat-cell dat-cell_specDefinition SNAPS-specAdjust SNAPS--SpecTbl-RowCols SNAPS--SpecTbl-Overflow\"><span class=\"MMM--txt_bold\">203.2 mm<\/span><\/div>\n<\/td>\n<\/tr>\n<tr class=\"MMM--dat-row\">\n<td>\n<div class=\"MMM--dat-cell SNAPS-specAdjust\"><span class=\"MMM--txt_bold\">Forma del Producto<\/span><\/div>\n<\/td>\n<td>\n<div class=\"MMM--dat-cell dat-cell_specDefinition SNAPS-specAdjust SNAPS--SpecTbl-RowCols SNAPS--SpecTbl-Overflow\"><span class=\"MMM--txt_bold\">Cord\u00f3n<\/span><\/div>\n<\/td>\n<\/tr>\n<tr class=\"MMM--dat-row\">\n<td>\n<div class=\"MMM--dat-cell SNAPS-specAdjust\"><span class=\"MMM--txt_bold\">Industria Recomendada<\/span><\/div>\n<\/td>\n<td>\n<div class=\"MMM--dat-cell dat-cell_specDefinition SNAPS-specAdjust SNAPS--SpecTbl-RowCols SNAPS--SpecTbl-Overflow\"><span class=\"MMM--txt_bold\">Agriculture<\/span><span class=\"MMM--txt_bold\">, Automotora<\/span><span class=\"MMM--txt_bold\">, Productos qu\u00edmicos<\/span><span class=\"MMM--txt_bold\">, Construcci\u00f3n<\/span><span class=\"MMM--txt_bold\">, Manufactura en General<\/span><span class=\"MMM--txt_bold\">, M\u00e9dica<\/span><span class=\"MMM--txt_bold\">, Militar<\/span><span class=\"MMM--txt_bold\">, Mantenimiento Militar, Reparaci\u00f3n y Operaci\u00f3n (MRO)<\/span><span class=\"MMM--txt_bold\">, Miner\u00eda<\/span><span class=\"MMM--txt_bold\">, Petr\u00f3leo y Gas<\/span><span class=\"MMM--txt_bold\">, Productos Farmac\u00e9uticos<\/span><span class=\"MMM--txt_bold\">, Metales Primarios<\/span><span class=\"MMM--txt_bold\">, Transportes<\/span><\/div>\n<\/td>\n<\/tr>\n<tr class=\"MMM--dat-row\">\n<td>\n<div class=\"MMM--dat-cell SNAPS-specAdjust\"><span class=\"MMM--txt_bold\">Longitud total (M\u00e9trica)<\/span><\/div>\n<\/td>\n<td>\n<div class=\"MMM--dat-cell dat-cell_specDefinition SNAPS-specAdjust SNAPS--SpecTbl-RowCols SNAPS--SpecTbl-Overflow\"><span class=\"MMM--txt_bold\">3.05 m<\/span><\/div>\n<\/td>\n<\/tr>\n<tr class=\"MMM--dat-row\">\n<td>\n<div class=\"MMM--dat-cell SNAPS-specAdjust\"><span class=\"MMM--txt_bold\">Marca<\/span><\/div>\n<\/td>\n<td>\n<div class=\"MMM--dat-cell dat-cell_specDefinition SNAPS-specAdjust SNAPS--SpecTbl-RowCols SNAPS--SpecTbl-Overflow\"><span class=\"MMM--txt_bold\">3M\u2122<\/span><\/div>\n<\/td>\n<\/tr>\n<tr class=\"MMM--dat-row\">\n<td>\n<div class=\"MMM--dat-cell SNAPS-specAdjust\"><span class=\"MMM--txt_bold\">Tipo de Derrame<\/span><\/div>\n<\/td>\n<td>\n<div class=\"MMM--dat-cell dat-cell_specDefinition SNAPS-specAdjust SNAPS--SpecTbl-RowCols SNAPS--SpecTbl-Overflow\"><span class=\"MMM--txt_bold\">Hydrocarbon Oils &#8211; Fuel\/Diesel\/Motor<\/span><span class=\"MMM--txt_bold\">, Mineral Oils<\/span><\/div>\n<\/td>\n<\/tr>\n<tr class=\"MMM--dat-row\">\n<td>\n<div class=\"MMM--dat-cell SNAPS-specAdjust\"><span class=\"MMM--txt_bold\">Tipo de Misi\u00f3n<\/span><\/div>\n<\/td>\n<td>\n<div class=\"MMM--dat-cell dat-cell_specDefinition SNAPS-specAdjust SNAPS--SpecTbl-RowCols SNAPS--SpecTbl-Overflow\"><span class=\"MMM--txt_bold\">Vehicles<\/span><\/div>\n<\/td>\n<\/tr>\n<tr class=\"MMM--dat-row\">\n<td>\n<div class=\"MMM--dat-cell SNAPS-specAdjust\"><span class=\"MMM--txt_bold\">Tipo de Producto<\/span><\/div>\n<\/td>\n<td>\n<div class=\"MMM--dat-cell dat-cell_specDefinition SNAPS-specAdjust SNAPS--SpecTbl-RowCols SNAPS--SpecTbl-Overflow\"><span class=\"MMM--txt_bold\">Booms<\/span><\/div>\n<\/td>\n<\/tr>\n<\/tbody>\n<\/table>\n","protected":false},"featured_media":2018,"comment_status":"open","ping_status":"closed","template":"","meta":{"site-sidebar-layout":"default","site-content-layout":"default","ast-main-header-display":"","ast-hfb-above-header-display":"","ast-hfb-below-header-display":"","ast-hfb-mobile-header-display":"","site-post-title":"","ast-breadcrumbs-content":"","ast-featured-img":"","footer-sml-layout":"","theme-transparent-header-meta":"default","adv-header-id-meta":"","stick-header-meta":"","header-above-stick-meta":"","header-main-stick-meta":"","header-below-stick-meta":""},"product_brand":[],"product_cat":[30,21],"product_tag":[],"class_list":{"0":"post-1384","1":"product","2":"type-product","3":"status-publish","4":"has-post-thumbnail","6":"product_cat-limpieza-y-contencion","7":"product_cat-proteccion-minera","9":"first","10":"instock","11":"shipping-taxable","12":"product-type-simple"},"_links":{"self":[{"href":"https:\/\/eyrsecurity.com\/index.php?rest_route=\/wp\/v2\/product\/1384","targetHints":{"allow":["GET"]}}],"collection":[{"href":"https:\/\/eyrsecurity.com\/index.php?rest_route=\/wp\/v2\/product"}],"about":[{"href":"https:\/\/eyrsecurity.com\/index.php?rest_route=\/wp\/v2\/types\/product"}],"replies":[{"embeddable":true,"href":"https:\/\/eyrsecurity.com\/index.php?rest_route=%2Fwp%2Fv2%2Fcomments&post=1384"}],"wp:featuredmedia":[{"embeddable":true,"href":"https:\/\/eyrsecurity.com\/index.php?rest_route=\/wp\/v2\/media\/2018"}],"wp:attachment":[{"href":"https:\/\/eyrsecurity.com\/index.php?rest_route=%2Fwp%2Fv2%2Fmedia&parent=1384"}],"wp:term":[{"taxonomy":"product_brand","embeddable":true,"href":"https:\/\/eyrsecurity.com\/index.php?rest_route=%2Fwp%2Fv2%2Fproduct_brand&post=1384"},{"taxonomy":"product_cat","embeddable":true,"href":"https:\/\/eyrsecurity.com\/index.php?rest_route=%2Fwp%2Fv2%2Fproduct_cat&post=1384"},{"taxonomy":"product_tag","embeddable":true,"href":"https:\/\/eyrsecurity.com\/index.php?rest_route=%2Fwp%2Fv2%2Fproduct_tag&post=1384"}],"curies":[{"name":"wp","href":"https:\/\/api.w.org\/{rel}","templated":true}]}}