{"id":1383,"date":"2021-10-18T05:41:53","date_gmt":"2021-10-18T05:41:53","guid":{"rendered":"https:\/\/eyrsecurity.com\/?post_type=product&#038;p=1383"},"modified":"2021-10-21T12:56:33","modified_gmt":"2021-10-21T12:56:33","slug":"pano-wypall-x70-plus","status":"publish","type":"product","link":"https:\/\/eyrsecurity.com\/?product=pano-wypall-x70-plus","title":{"rendered":"PA\u00d1O WYPALL X70 PLUS"},"content":{"rendered":"<h4>Usos y aplicaciones<\/h4>\n<ul>\n<li>Industria Metalmec\u00e1nica<\/li>\n<li>Industria Alimenticia<\/li>\n<li>Miner\u00eda y Petr\u00f3leo<\/li>\n<li>Industria Grafica<\/li>\n<li>Limpieza general<\/li>\n<\/ul>\n<h4>Tecnolog\u00edas y Certificaciones<\/h4>\n<p>Certificado PEFC: Este producto procede de bosques gestionados de formasostenible y fuentes controladas<br \/>\nTecnolog\u00eda HYDROKNIT*: Permite la uni\u00f3n de las fibras de celulosa y las de polipropileno mediante chorros de agua a presi\u00f3n, otorg\u00e1ndole al pa\u00f1o la resistencia del polipropileno y la absorci\u00f3n de la celulosa.<br \/>\nCertificaci\u00f3n ISO 9901:2008 e ISO 14001:2004 de Sistemas de Gesti\u00f3n de la Calidad y Sistemas de Gesti\u00f3n Ambiental.<\/p>\n","protected":false},"excerpt":{"rendered":"<p>Los pa\u00f1os de limpieza WYPALL* X70, hechos de polipropileno y celulosa, poseen una excelente capacidad y velocidad de<br \/>\nabsorci\u00f3n de l\u00edquidos y una alta resistencia gracias a que son producidos con la tecnolog\u00eda HYDROKNIT*, lo que los hacen<br \/>\nsuperiores a otros pa\u00f1os convencionales y trapos<\/p>\n","protected":false},"featured_media":2006,"comment_status":"open","ping_status":"closed","template":"","meta":{"site-sidebar-layout":"default","site-content-layout":"default","ast-main-header-display":"","ast-hfb-above-header-display":"","ast-hfb-below-header-display":"","ast-hfb-mobile-header-display":"","site-post-title":"","ast-breadcrumbs-content":"","ast-featured-img":"","footer-sml-layout":"","theme-transparent-header-meta":"default","adv-header-id-meta":"","stick-header-meta":"","header-above-stick-meta":"","header-main-stick-meta":"","header-below-stick-meta":""},"product_brand":[],"product_cat":[30],"product_tag":[],"class_list":{"0":"post-1383","1":"product","2":"type-product","3":"status-publish","4":"has-post-thumbnail","6":"product_cat-limpieza-y-contencion","8":"first","9":"instock","10":"shipping-taxable","11":"product-type-simple"},"_links":{"self":[{"href":"https:\/\/eyrsecurity.com\/index.php?rest_route=\/wp\/v2\/product\/1383","targetHints":{"allow":["GET"]}}],"collection":[{"href":"https:\/\/eyrsecurity.com\/index.php?rest_route=\/wp\/v2\/product"}],"about":[{"href":"https:\/\/eyrsecurity.com\/index.php?rest_route=\/wp\/v2\/types\/product"}],"replies":[{"embeddable":true,"href":"https:\/\/eyrsecurity.com\/index.php?rest_route=%2Fwp%2Fv2%2Fcomments&post=1383"}],"wp:featuredmedia":[{"embeddable":true,"href":"https:\/\/eyrsecurity.com\/index.php?rest_route=\/wp\/v2\/media\/2006"}],"wp:attachment":[{"href":"https:\/\/eyrsecurity.com\/index.php?rest_route=%2Fwp%2Fv2%2Fmedia&parent=1383"}],"wp:term":[{"taxonomy":"product_brand","embeddable":true,"href":"https:\/\/eyrsecurity.com\/index.php?rest_route=%2Fwp%2Fv2%2Fproduct_brand&post=1383"},{"taxonomy":"product_cat","embeddable":true,"href":"https:\/\/eyrsecurity.com\/index.php?rest_route=%2Fwp%2Fv2%2Fproduct_cat&post=1383"},{"taxonomy":"product_tag","embeddable":true,"href":"https:\/\/eyrsecurity.com\/index.php?rest_route=%2Fwp%2Fv2%2Fproduct_tag&post=1383"}],"curies":[{"name":"wp","href":"https:\/\/api.w.org\/{rel}","templated":true}]}}