{"id":1381,"date":"2021-10-18T05:41:53","date_gmt":"2021-10-18T05:41:53","guid":{"rendered":"https:\/\/eyrsecurity.com\/?post_type=product&#038;p=1381"},"modified":"2021-10-21T12:55:22","modified_gmt":"2021-10-21T12:55:22","slug":"panos-absorventes-hp156-3m","status":"publish","type":"product","link":"https:\/\/eyrsecurity.com\/?product=panos-absorventes-hp156-3m","title":{"rendered":"PA\u00d1OS ABSORVENTES HP156 3M"},"content":{"rendered":"<p>Este producto est\u00e1 constituido por fibras sint\u00e9ticas inertes de polipropileno y poliester.<br \/>\n<strong>Dimensiones:<\/strong>\u00a043,2cm x 48,3cm x 6,4mm.<br \/>\n<strong>Capacidad de Absorci\u00f3n<\/strong>: 0,95 Litros\/Pa\u00f1o.<br \/>\n<strong>Empaque:<\/strong>\u00a0100 Pa\u00f1os\/Caja.<br \/>\nLos pa\u00f1os HP-156 de 3M son utilizados para absorber derrames de hidrocarburos, en agua o en tierra, coloc\u00e1ndolos sobre la sustancia derramada (oleof\u00edlica) hasta ser absorbida.<br \/>\nLos absorbentes de alta capacidad cuentan con una malla de un lado que aumenta su rendimiento y elimina las pelusas.<br \/>\nProducto hidrof\u00edbico (no absorbe agua) por lo tanto siempre flotan y s\u00f3lo absorben hidrocarburos.<br \/>\nLas hojas tambi\u00e9n pueden utilizarse sobre una superficie de trabajo, para anticiparse a un derrame o utilizarse como un trapo.<br \/>\nEste producto puede ser reutilizado luego de estrujarse.<\/p>\n","protected":false},"excerpt":{"rendered":"<p>Ideal para la limpieza r\u00e1pida y efectiva de derrames de Aceites \/ Hidrocarburo Petr\u00f3leo en tierra o agua. Su dise\u00f1o est\u00e1 desarrollado<br \/>\nespecialmente para aquellas \u00e1reas en las cuales se necesita que la Absorci\u00f3n de fluidos sea eficiente y no genere part\u00edculas que contaminen la superficie, manteniendo una condici\u00f3n de \u00f3ptima de trabajo.<\/p>\n","protected":false},"featured_media":2002,"comment_status":"open","ping_status":"closed","template":"","meta":{"site-sidebar-layout":"default","site-content-layout":"default","ast-main-header-display":"","ast-hfb-above-header-display":"","ast-hfb-below-header-display":"","ast-hfb-mobile-header-display":"","site-post-title":"","ast-breadcrumbs-content":"","ast-featured-img":"","footer-sml-layout":"","theme-transparent-header-meta":"default","adv-header-id-meta":"","stick-header-meta":"","header-above-stick-meta":"","header-main-stick-meta":"","header-below-stick-meta":""},"product_brand":[],"product_cat":[30],"product_tag":[],"class_list":{"0":"post-1381","1":"product","2":"type-product","3":"status-publish","4":"has-post-thumbnail","6":"product_cat-limpieza-y-contencion","8":"first","9":"instock","10":"shipping-taxable","11":"product-type-simple"},"_links":{"self":[{"href":"https:\/\/eyrsecurity.com\/index.php?rest_route=\/wp\/v2\/product\/1381","targetHints":{"allow":["GET"]}}],"collection":[{"href":"https:\/\/eyrsecurity.com\/index.php?rest_route=\/wp\/v2\/product"}],"about":[{"href":"https:\/\/eyrsecurity.com\/index.php?rest_route=\/wp\/v2\/types\/product"}],"replies":[{"embeddable":true,"href":"https:\/\/eyrsecurity.com\/index.php?rest_route=%2Fwp%2Fv2%2Fcomments&post=1381"}],"wp:featuredmedia":[{"embeddable":true,"href":"https:\/\/eyrsecurity.com\/index.php?rest_route=\/wp\/v2\/media\/2002"}],"wp:attachment":[{"href":"https:\/\/eyrsecurity.com\/index.php?rest_route=%2Fwp%2Fv2%2Fmedia&parent=1381"}],"wp:term":[{"taxonomy":"product_brand","embeddable":true,"href":"https:\/\/eyrsecurity.com\/index.php?rest_route=%2Fwp%2Fv2%2Fproduct_brand&post=1381"},{"taxonomy":"product_cat","embeddable":true,"href":"https:\/\/eyrsecurity.com\/index.php?rest_route=%2Fwp%2Fv2%2Fproduct_cat&post=1381"},{"taxonomy":"product_tag","embeddable":true,"href":"https:\/\/eyrsecurity.com\/index.php?rest_route=%2Fwp%2Fv2%2Fproduct_tag&post=1381"}],"curies":[{"name":"wp","href":"https:\/\/api.w.org\/{rel}","templated":true}]}}