{"id":1380,"date":"2021-10-18T05:41:53","date_gmt":"2021-10-18T05:41:53","guid":{"rendered":"https:\/\/eyrsecurity.com\/?post_type=product&#038;p=1380"},"modified":"2021-10-21T12:54:52","modified_gmt":"2021-10-21T12:54:52","slug":"trapo-industrial-blanco","status":"publish","type":"product","link":"https:\/\/eyrsecurity.com\/?product=trapo-industrial-blanco","title":{"rendered":"TRAPO INDUSTRIAL BLANCO"},"content":{"rendered":"<p>TIPO DE TELA: Tejido de Algod\u00f3n de Punto blanco.<\/p>\n<p>TAMA\u00d1O: 20 por 30 cm, aproximadamente<\/p>\n<p>UNIDAD DE VENTA: Kilo (Kg.)<\/p>\n<p>PRESENTACI\u00d3N: Fardos por 25, 50 kg.<\/p>\n<p>MATERIAL BASE:\u00a0Retazos de Tejido de Algod\u00f3n nuevo sin uso.<\/p>\n<p>BENEFICIOS:\u00a0Es un producto absorbente, resistente para los trabajos con solventes comunes (Thinner, aguarr\u00e1s, etc.), al ser blanco evita que se pueda deste\u00f1ir y malograr las piezas o m\u00e1quinas que se est\u00e1n limpiando. Su espesor permite que se pueda usar para manipular objetos con temperaturas hasta 70\u00b0 C; no raya ni desprende pelusas, ideal para limpieza de maquinarias, equipos y piezas acabadas. No es t\u00f3xico, tiene un bajo costo unitario y seg\u00fan su uso puede ser reutilizable.<\/p>\n","protected":false},"excerpt":{"rendered":"<p>El Trapo Industrial Cosido Blanco, es un producto formado a partir de saldos de tejido de algod\u00f3n de punto sin uso, son retazos unidos por\u00a0 una costura en forma espiral.<\/p>\n","protected":false},"featured_media":2017,"comment_status":"open","ping_status":"closed","template":"","meta":{"site-sidebar-layout":"default","site-content-layout":"default","ast-main-header-display":"","ast-hfb-above-header-display":"","ast-hfb-below-header-display":"","ast-hfb-mobile-header-display":"","site-post-title":"","ast-breadcrumbs-content":"","ast-featured-img":"","footer-sml-layout":"","theme-transparent-header-meta":"default","adv-header-id-meta":"","stick-header-meta":"","header-above-stick-meta":"","header-main-stick-meta":"","header-below-stick-meta":""},"product_brand":[],"product_cat":[30],"product_tag":[],"class_list":{"0":"post-1380","1":"product","2":"type-product","3":"status-publish","4":"has-post-thumbnail","6":"product_cat-limpieza-y-contencion","8":"first","9":"instock","10":"shipping-taxable","11":"product-type-simple"},"_links":{"self":[{"href":"https:\/\/eyrsecurity.com\/index.php?rest_route=\/wp\/v2\/product\/1380","targetHints":{"allow":["GET"]}}],"collection":[{"href":"https:\/\/eyrsecurity.com\/index.php?rest_route=\/wp\/v2\/product"}],"about":[{"href":"https:\/\/eyrsecurity.com\/index.php?rest_route=\/wp\/v2\/types\/product"}],"replies":[{"embeddable":true,"href":"https:\/\/eyrsecurity.com\/index.php?rest_route=%2Fwp%2Fv2%2Fcomments&post=1380"}],"wp:featuredmedia":[{"embeddable":true,"href":"https:\/\/eyrsecurity.com\/index.php?rest_route=\/wp\/v2\/media\/2017"}],"wp:attachment":[{"href":"https:\/\/eyrsecurity.com\/index.php?rest_route=%2Fwp%2Fv2%2Fmedia&parent=1380"}],"wp:term":[{"taxonomy":"product_brand","embeddable":true,"href":"https:\/\/eyrsecurity.com\/index.php?rest_route=%2Fwp%2Fv2%2Fproduct_brand&post=1380"},{"taxonomy":"product_cat","embeddable":true,"href":"https:\/\/eyrsecurity.com\/index.php?rest_route=%2Fwp%2Fv2%2Fproduct_cat&post=1380"},{"taxonomy":"product_tag","embeddable":true,"href":"https:\/\/eyrsecurity.com\/index.php?rest_route=%2Fwp%2Fv2%2Fproduct_tag&post=1380"}],"curies":[{"name":"wp","href":"https:\/\/api.w.org\/{rel}","templated":true}]}}