{"id":1374,"date":"2021-10-18T05:41:50","date_gmt":"2021-10-18T05:41:50","guid":{"rendered":"https:\/\/eyrsecurity.com\/?post_type=product&#038;p=1374"},"modified":"2021-10-21T13:06:48","modified_gmt":"2021-10-21T13:06:48","slug":"megafono-25w-c-bateria-recargable-y-usb-fx-25bp-usb","status":"publish","type":"product","link":"https:\/\/eyrsecurity.com\/?product=megafono-25w-c-bateria-recargable-y-usb-fx-25bp-usb","title":{"rendered":"MEGAFONO 25W C\/BATER\u00cdA RECARGABLE Y USB FX-25BP\/USB"},"content":{"rendered":"<h4>Caracter\u00edsticas<\/h4>\n<ul>\n<li>Micr\u00f3fono incorporado y desmontable<\/li>\n<li>Sistema Helicoidal<\/li>\n<li>Sistema de grabaci\u00f3n<\/li>\n<li>Switch ON\/OFF<\/li>\n<li>Sirena de emergencia<\/li>\n<li>Entrada aux. 3.5mm<\/li>\n<li>Bater\u00eda recargable 9VDC y\/o tambi\u00e9n puede ser usado con 6 pilas D<\/li>\n<li>Di\u00e1metro 8\u2033, Largo 34.2cm<\/li>\n<\/ul>\n","protected":false},"excerpt":{"rendered":"<p>Caracter\u00edsticas Micr\u00f3fono incorporado y desmontable Sistema Helicoidal Sistema de grabaci\u00f3n Switch ON\/OFF Sirena de emergencia Entrada aux. 3.5mm Bater\u00eda recargable 9VDC y\/o tambi\u00e9n puede ser usado con 6 pilas D Di\u00e1metro 8\u2033, Largo 34.2cm<\/p>\n","protected":false},"featured_media":2030,"comment_status":"open","ping_status":"closed","template":"","meta":{"site-sidebar-layout":"default","site-content-layout":"default","ast-main-header-display":"","ast-hfb-above-header-display":"","ast-hfb-below-header-display":"","ast-hfb-mobile-header-display":"","site-post-title":"","ast-breadcrumbs-content":"","ast-featured-img":"","footer-sml-layout":"","theme-transparent-header-meta":"default","adv-header-id-meta":"","stick-header-meta":"","header-above-stick-meta":"","header-main-stick-meta":"","header-below-stick-meta":""},"product_brand":[],"product_cat":[29],"product_tag":[],"class_list":{"0":"post-1374","1":"product","2":"type-product","3":"status-publish","4":"has-post-thumbnail","6":"product_cat-equipos-de-emergencias","8":"first","9":"instock","10":"shipping-taxable","11":"product-type-simple"},"_links":{"self":[{"href":"https:\/\/eyrsecurity.com\/index.php?rest_route=\/wp\/v2\/product\/1374","targetHints":{"allow":["GET"]}}],"collection":[{"href":"https:\/\/eyrsecurity.com\/index.php?rest_route=\/wp\/v2\/product"}],"about":[{"href":"https:\/\/eyrsecurity.com\/index.php?rest_route=\/wp\/v2\/types\/product"}],"replies":[{"embeddable":true,"href":"https:\/\/eyrsecurity.com\/index.php?rest_route=%2Fwp%2Fv2%2Fcomments&post=1374"}],"wp:featuredmedia":[{"embeddable":true,"href":"https:\/\/eyrsecurity.com\/index.php?rest_route=\/wp\/v2\/media\/2030"}],"wp:attachment":[{"href":"https:\/\/eyrsecurity.com\/index.php?rest_route=%2Fwp%2Fv2%2Fmedia&parent=1374"}],"wp:term":[{"taxonomy":"product_brand","embeddable":true,"href":"https:\/\/eyrsecurity.com\/index.php?rest_route=%2Fwp%2Fv2%2Fproduct_brand&post=1374"},{"taxonomy":"product_cat","embeddable":true,"href":"https:\/\/eyrsecurity.com\/index.php?rest_route=%2Fwp%2Fv2%2Fproduct_cat&post=1374"},{"taxonomy":"product_tag","embeddable":true,"href":"https:\/\/eyrsecurity.com\/index.php?rest_route=%2Fwp%2Fv2%2Fproduct_tag&post=1374"}],"curies":[{"name":"wp","href":"https:\/\/api.w.org\/{rel}","templated":true}]}}