{"id":1373,"date":"2021-10-18T05:41:50","date_gmt":"2021-10-18T05:41:50","guid":{"rendered":"https:\/\/eyrsecurity.com\/?post_type=product&#038;p=1373"},"modified":"2021-10-21T13:05:34","modified_gmt":"2021-10-21T13:05:34","slug":"auto-rescatador-safe-1-steelpro","status":"publish","type":"product","link":"https:\/\/eyrsecurity.com\/?product=auto-rescatador-safe-1-steelpro","title":{"rendered":"AUTO RESCATADOR SAFE 1 &#8211; STEELPRO"},"content":{"rendered":"<h4>Caracter\u00edsticas<\/h4>\n<ul>\n<li>Protegido por una s\u00f3lida y ligera caja de acero inoxidable.<\/li>\n<li>Peso menor o igual a 1kg.<\/li>\n<li>Dimensiones externas 100mm x 93mm x 133mm<\/li>\n<li>El equipo no debe ser utilizado en atm\u00f3sferas con menos de 19,5% de ox\u00edgeno en el aire o que contentan otros gases o vapores t\u00f3xicos<\/li>\n<\/ul>\n<h4>Aplicaciones<\/h4>\n<ul>\n<li>Miner\u00eda en general.<\/li>\n<li>Desarrollo de t\u00faneles y faenas subterr\u00e1neas.<\/li>\n<li>Industria petrolera y gas.<\/li>\n<\/ul>\n<p>&nbsp;<\/p>\n","protected":false},"excerpt":{"rendered":"<p>El SAFE 1 + Autorrescatador de circuito abierto: Es un dispositivo de escape basado en la canalizaci\u00f3n del mon\u00f3xido de carbono mediante hopcalita. Se aplica en situaciones de emergencia como explosiones de gas en miner\u00eda subterr\u00e1nea, explosi\u00f3n de polvo de carb\u00f3n y de gases en la miner\u00eda de carb\u00f3n, asi como en cat\u00e1strofes de fuego.<\/p>\n","protected":false},"featured_media":2034,"comment_status":"open","ping_status":"closed","template":"","meta":{"site-sidebar-layout":"default","site-content-layout":"default","ast-main-header-display":"","ast-hfb-above-header-display":"","ast-hfb-below-header-display":"","ast-hfb-mobile-header-display":"","site-post-title":"","ast-breadcrumbs-content":"","ast-featured-img":"","footer-sml-layout":"","theme-transparent-header-meta":"default","adv-header-id-meta":"","stick-header-meta":"","header-above-stick-meta":"","header-main-stick-meta":"","header-below-stick-meta":""},"product_brand":[],"product_cat":[29,21,25],"product_tag":[],"class_list":{"0":"post-1373","1":"product","2":"type-product","3":"status-publish","4":"has-post-thumbnail","6":"product_cat-equipos-de-emergencias","7":"product_cat-proteccion-minera","8":"product_cat-proteccion-respiratoria","10":"first","11":"instock","12":"shipping-taxable","13":"product-type-simple"},"_links":{"self":[{"href":"https:\/\/eyrsecurity.com\/index.php?rest_route=\/wp\/v2\/product\/1373","targetHints":{"allow":["GET"]}}],"collection":[{"href":"https:\/\/eyrsecurity.com\/index.php?rest_route=\/wp\/v2\/product"}],"about":[{"href":"https:\/\/eyrsecurity.com\/index.php?rest_route=\/wp\/v2\/types\/product"}],"replies":[{"embeddable":true,"href":"https:\/\/eyrsecurity.com\/index.php?rest_route=%2Fwp%2Fv2%2Fcomments&post=1373"}],"wp:featuredmedia":[{"embeddable":true,"href":"https:\/\/eyrsecurity.com\/index.php?rest_route=\/wp\/v2\/media\/2034"}],"wp:attachment":[{"href":"https:\/\/eyrsecurity.com\/index.php?rest_route=%2Fwp%2Fv2%2Fmedia&parent=1373"}],"wp:term":[{"taxonomy":"product_brand","embeddable":true,"href":"https:\/\/eyrsecurity.com\/index.php?rest_route=%2Fwp%2Fv2%2Fproduct_brand&post=1373"},{"taxonomy":"product_cat","embeddable":true,"href":"https:\/\/eyrsecurity.com\/index.php?rest_route=%2Fwp%2Fv2%2Fproduct_cat&post=1373"},{"taxonomy":"product_tag","embeddable":true,"href":"https:\/\/eyrsecurity.com\/index.php?rest_route=%2Fwp%2Fv2%2Fproduct_tag&post=1373"}],"curies":[{"name":"wp","href":"https:\/\/api.w.org\/{rel}","templated":true}]}}