{"id":1372,"date":"2021-10-18T05:41:50","date_gmt":"2021-10-18T05:41:50","guid":{"rendered":"https:\/\/eyrsecurity.com\/?post_type=product&#038;p=1372"},"modified":"2022-01-21T05:25:42","modified_gmt":"2022-01-21T05:25:42","slug":"lavaojos-portatil-st-20a-steelpro","status":"publish","type":"product","link":"https:\/\/eyrsecurity.com\/?product=lavaojos-portatil-st-20a-steelpro","title":{"rendered":"LAVAOJOS PORTATIL ST-20A STEELPRO"},"content":{"rendered":"<h2 class=\"title-tab\">Descripci\u00f3n<\/h2>\n<ul>\n<li>Posee una manilla de transporte y un mecanismo de empotramiento a muralla que soporta el peso de la unidad con su carga completa de l\u00edquido.<\/li>\n<li>Capacidad de llenado de 60 litros accionado por gravedad, utiliza la diferencia de presi\u00f3n que existe entre el ambiente y su interior para entregar un spray dual en sus cabezales.<\/li>\n<li>Operaci\u00f3n de una sola mano.<\/li>\n<li>Proporciona un periodo m\u00ednimo de 15 minutos de lavado.<\/li>\n<li>Posee tapa de bloqueo.<\/li>\n<li>La unidad port\u00e1til mide 11 \u00bd\u201d x 19 \u00bd\u201d x 25\u201d<\/li>\n<li>Dise\u00f1ado en ABS de alta resistencia a la corrosi\u00f3n.<\/li>\n<li>Cumple Norma ANSI Z358.1<\/li>\n<\/ul>\n<p><a href=\"https:\/\/www.youtube.com\/watch?v=mjKb3bYAEJM\" target=\"_blank\" rel=\"noopener\">https:\/\/www.youtube.com\/watch?v=mjKb3bYAEJM<\/a><\/p>\n","protected":false},"excerpt":{"rendered":"<p>La Estaci\u00f3n Port\u00e1til Lavaojos SAS est\u00e1 confeccionada en ABS (Acrilonitrilo Butadieno Estireno) de color verde con accionamiento por gravedad para casos de emergencia. El modelo lavaojos port\u00e1til est\u00e1 confeccionado de Polietileno de alta resistencia de color verde.<\/p>\n<p>&nbsp;<\/p>\n","protected":false},"featured_media":2088,"comment_status":"open","ping_status":"closed","template":"","meta":{"site-sidebar-layout":"default","site-content-layout":"default","ast-main-header-display":"","ast-hfb-above-header-display":"","ast-hfb-below-header-display":"","ast-hfb-mobile-header-display":"","site-post-title":"","ast-breadcrumbs-content":"","ast-featured-img":"","footer-sml-layout":"","theme-transparent-header-meta":"default","adv-header-id-meta":"","stick-header-meta":"","header-above-stick-meta":"","header-main-stick-meta":"","header-below-stick-meta":""},"product_brand":[],"product_cat":[29,23],"product_tag":[],"class_list":{"0":"post-1372","1":"product","2":"type-product","3":"status-publish","4":"has-post-thumbnail","6":"product_cat-equipos-de-emergencias","7":"product_cat-proteccion-visual-y-facial","9":"first","10":"instock","11":"shipping-taxable","12":"product-type-simple"},"_links":{"self":[{"href":"https:\/\/eyrsecurity.com\/index.php?rest_route=\/wp\/v2\/product\/1372","targetHints":{"allow":["GET"]}}],"collection":[{"href":"https:\/\/eyrsecurity.com\/index.php?rest_route=\/wp\/v2\/product"}],"about":[{"href":"https:\/\/eyrsecurity.com\/index.php?rest_route=\/wp\/v2\/types\/product"}],"replies":[{"embeddable":true,"href":"https:\/\/eyrsecurity.com\/index.php?rest_route=%2Fwp%2Fv2%2Fcomments&post=1372"}],"wp:featuredmedia":[{"embeddable":true,"href":"https:\/\/eyrsecurity.com\/index.php?rest_route=\/wp\/v2\/media\/2088"}],"wp:attachment":[{"href":"https:\/\/eyrsecurity.com\/index.php?rest_route=%2Fwp%2Fv2%2Fmedia&parent=1372"}],"wp:term":[{"taxonomy":"product_brand","embeddable":true,"href":"https:\/\/eyrsecurity.com\/index.php?rest_route=%2Fwp%2Fv2%2Fproduct_brand&post=1372"},{"taxonomy":"product_cat","embeddable":true,"href":"https:\/\/eyrsecurity.com\/index.php?rest_route=%2Fwp%2Fv2%2Fproduct_cat&post=1372"},{"taxonomy":"product_tag","embeddable":true,"href":"https:\/\/eyrsecurity.com\/index.php?rest_route=%2Fwp%2Fv2%2Fproduct_tag&post=1372"}],"curies":[{"name":"wp","href":"https:\/\/api.w.org\/{rel}","templated":true}]}}