{"id":1371,"date":"2021-10-18T05:41:50","date_gmt":"2021-10-18T05:41:50","guid":{"rendered":"https:\/\/eyrsecurity.com\/?post_type=product&#038;p=1371"},"modified":"2022-01-21T05:27:55","modified_gmt":"2022-01-21T05:27:55","slug":"botella-lavaojos-haws-avlis-500-ml","status":"publish","type":"product","link":"https:\/\/eyrsecurity.com\/?product=botella-lavaojos-haws-avlis-500-ml","title":{"rendered":"BOTELLA LAVAOJOS HAWS AVLIS 500 ML"},"content":{"rendered":"<h2 class=\"title-tab\">Descripci\u00f3n<\/h2>\n<p>Ducha oft\u00e1lmica\u00a0 de emergencia fabricadas en pl\u00e1stico de poliestireno\u00a0 de\u00a0 500 ml de capacidad, con boquilla especial\u00a0 que se adapta al ojo resistente a productos qu\u00edmicos en pl\u00e1stico ABS.<\/p>\n<p>Poner en las botellas: Agua boricada o suero fisiol\u00f3gico.<\/p>\n","protected":false},"excerpt":{"rendered":"<p>Descripci\u00f3n Ducha oft\u00e1lmica\u00a0 de emergencia fabricadas en pl\u00e1stico de poliestireno\u00a0 de\u00a0 500 ml de capacidad, con boquilla especial\u00a0 que se adapta al ojo resistente a productos qu\u00edmicos en pl\u00e1stico ABS. Poner en las botellas: Agua boricada o suero fisiol\u00f3gico.<\/p>\n","protected":false},"featured_media":2067,"comment_status":"open","ping_status":"closed","template":"","meta":{"site-sidebar-layout":"default","site-content-layout":"default","ast-main-header-display":"","ast-hfb-above-header-display":"","ast-hfb-below-header-display":"","ast-hfb-mobile-header-display":"","site-post-title":"","ast-breadcrumbs-content":"","ast-featured-img":"","footer-sml-layout":"","theme-transparent-header-meta":"default","adv-header-id-meta":"","stick-header-meta":"","header-above-stick-meta":"","header-main-stick-meta":"","header-below-stick-meta":""},"product_brand":[],"product_cat":[29,23],"product_tag":[],"class_list":{"0":"post-1371","1":"product","2":"type-product","3":"status-publish","4":"has-post-thumbnail","6":"product_cat-equipos-de-emergencias","7":"product_cat-proteccion-visual-y-facial","9":"first","10":"instock","11":"shipping-taxable","12":"product-type-simple"},"_links":{"self":[{"href":"https:\/\/eyrsecurity.com\/index.php?rest_route=\/wp\/v2\/product\/1371","targetHints":{"allow":["GET"]}}],"collection":[{"href":"https:\/\/eyrsecurity.com\/index.php?rest_route=\/wp\/v2\/product"}],"about":[{"href":"https:\/\/eyrsecurity.com\/index.php?rest_route=\/wp\/v2\/types\/product"}],"replies":[{"embeddable":true,"href":"https:\/\/eyrsecurity.com\/index.php?rest_route=%2Fwp%2Fv2%2Fcomments&post=1371"}],"wp:featuredmedia":[{"embeddable":true,"href":"https:\/\/eyrsecurity.com\/index.php?rest_route=\/wp\/v2\/media\/2067"}],"wp:attachment":[{"href":"https:\/\/eyrsecurity.com\/index.php?rest_route=%2Fwp%2Fv2%2Fmedia&parent=1371"}],"wp:term":[{"taxonomy":"product_brand","embeddable":true,"href":"https:\/\/eyrsecurity.com\/index.php?rest_route=%2Fwp%2Fv2%2Fproduct_brand&post=1371"},{"taxonomy":"product_cat","embeddable":true,"href":"https:\/\/eyrsecurity.com\/index.php?rest_route=%2Fwp%2Fv2%2Fproduct_cat&post=1371"},{"taxonomy":"product_tag","embeddable":true,"href":"https:\/\/eyrsecurity.com\/index.php?rest_route=%2Fwp%2Fv2%2Fproduct_tag&post=1371"}],"curies":[{"name":"wp","href":"https:\/\/api.w.org\/{rel}","templated":true}]}}