{"id":1368,"date":"2021-10-18T05:41:50","date_gmt":"2021-10-18T05:41:50","guid":{"rendered":"https:\/\/eyrsecurity.com\/?post_type=product&#038;p=1368"},"modified":"2022-01-21T06:29:24","modified_gmt":"2022-01-21T06:29:24","slug":"camilla-de-rescate-de-pvc","status":"publish","type":"product","link":"https:\/\/eyrsecurity.com\/?product=camilla-de-rescate-de-pvc","title":{"rendered":"CAMILLA DE RESCATE DE PVC"},"content":{"rendered":"<h4>Especificaciones<\/h4>\n<p>Material : Polietileno de alto impacto<br \/>\nT\u00e9cnica de Fabricaci\u00f3n: Inyecci\u00f3n de una sola pieza<br \/>\nTama\u00f1o : 184 cm. x 45 cm x 6.5cm<br \/>\nPeso :7 Kgr.<br \/>\nSoporta carga : 142 Kgr.<br \/>\nInmovilizador : 3 correas de nylon de 2\u201d con hebilla clic clac<br \/>\nColores : Anaranjado<br \/>\nPropiedades : 100% trasl\u00facida a los rayos X<\/p>\n<h4>Usos<\/h4>\n<p>Hospitales, ambulancias, centros de trabajo y en todo lugar donde exista riesgo de producirse un accidente.<\/p>\n","protected":false},"excerpt":{"rendered":"<p>Camilla de emergencia r\u00edgida flotante fabricada por proceso de inyecci\u00f3nde polietileno, presenta propiedades que facilitan su limpieza y utilizaci\u00f3n en medios h\u00famedos y dise\u00f1ada para el transporte e inmovilizaci\u00f3n en situaciones de evacuaci\u00f3n, atenci\u00f3n de primeros auxilios y rescate.<\/p>\n","protected":false},"featured_media":2069,"comment_status":"open","ping_status":"closed","template":"","meta":{"site-sidebar-layout":"default","site-content-layout":"default","ast-main-header-display":"","ast-hfb-above-header-display":"","ast-hfb-below-header-display":"","ast-hfb-mobile-header-display":"","site-post-title":"","ast-breadcrumbs-content":"","ast-featured-img":"","footer-sml-layout":"","theme-transparent-header-meta":"default","adv-header-id-meta":"","stick-header-meta":"","header-above-stick-meta":"","header-main-stick-meta":"","header-below-stick-meta":""},"product_brand":[],"product_cat":[29],"product_tag":[],"class_list":{"0":"post-1368","1":"product","2":"type-product","3":"status-publish","4":"has-post-thumbnail","6":"product_cat-equipos-de-emergencias","8":"first","9":"instock","10":"shipping-taxable","11":"product-type-simple"},"_links":{"self":[{"href":"https:\/\/eyrsecurity.com\/index.php?rest_route=\/wp\/v2\/product\/1368","targetHints":{"allow":["GET"]}}],"collection":[{"href":"https:\/\/eyrsecurity.com\/index.php?rest_route=\/wp\/v2\/product"}],"about":[{"href":"https:\/\/eyrsecurity.com\/index.php?rest_route=\/wp\/v2\/types\/product"}],"replies":[{"embeddable":true,"href":"https:\/\/eyrsecurity.com\/index.php?rest_route=%2Fwp%2Fv2%2Fcomments&post=1368"}],"wp:featuredmedia":[{"embeddable":true,"href":"https:\/\/eyrsecurity.com\/index.php?rest_route=\/wp\/v2\/media\/2069"}],"wp:attachment":[{"href":"https:\/\/eyrsecurity.com\/index.php?rest_route=%2Fwp%2Fv2%2Fmedia&parent=1368"}],"wp:term":[{"taxonomy":"product_brand","embeddable":true,"href":"https:\/\/eyrsecurity.com\/index.php?rest_route=%2Fwp%2Fv2%2Fproduct_brand&post=1368"},{"taxonomy":"product_cat","embeddable":true,"href":"https:\/\/eyrsecurity.com\/index.php?rest_route=%2Fwp%2Fv2%2Fproduct_cat&post=1368"},{"taxonomy":"product_tag","embeddable":true,"href":"https:\/\/eyrsecurity.com\/index.php?rest_route=%2Fwp%2Fv2%2Fproduct_tag&post=1368"}],"curies":[{"name":"wp","href":"https:\/\/api.w.org\/{rel}","templated":true}]}}