{"id":1362,"date":"2021-10-18T05:41:50","date_gmt":"2021-10-18T05:41:50","guid":{"rendered":"https:\/\/eyrsecurity.com\/?post_type=product&#038;p=1362"},"modified":"2021-10-18T06:39:10","modified_gmt":"2021-10-18T06:39:10","slug":"gorro-air-coltan-delta-plus","status":"publish","type":"product","link":"https:\/\/eyrsecurity.com\/?product=gorro-air-coltan-delta-plus","title":{"rendered":"GORRO AIR COLTAN DELTA PLUS"},"content":{"rendered":"<p>MATERIALES:<\/p>\n<p>Exterior : poli\u00e9ster\/algod\u00f3n<br \/>\nCasco interno : polietileno alt\u00e1 densit\u00e1.<br \/>\nRefuerzo del casco : espuma<\/p>\n<p>COLOR : Azul marino, Azul marino-Negro, Gris claro-Gris oscuro, Gris-Amarillo, Amarillo fluo-Gris, Negro-Rojo<\/p>\n<p>TALLA: Ajustable- micro peak, Ajustable- short peak, Ajustable- long peak<\/p>\n","protected":false},"excerpt":{"rendered":"<section class=\"blocContenu blocContenu-first\">\n<div>Gorra antichoque ergon\u00f3mica, adaptada a todas las morfolog\u00edas. Textil poli\u00e9ster, con parte de malla mesh para ventilaci\u00f3n. Equipada con una carcasa interna en PP con una banda alveolar TPE inyectada, para una mejor absorci\u00f3n de los golpes y una mayor durabilidad.<\/div>\n<\/section>\n<section class=\"blocContenu\"><\/section>\n","protected":false},"featured_media":1756,"comment_status":"open","ping_status":"closed","template":"","meta":{"site-sidebar-layout":"default","site-content-layout":"default","ast-main-header-display":"","ast-hfb-above-header-display":"","ast-hfb-below-header-display":"","ast-hfb-mobile-header-display":"","site-post-title":"","ast-breadcrumbs-content":"","ast-featured-img":"","footer-sml-layout":"","theme-transparent-header-meta":"default","adv-header-id-meta":"","stick-header-meta":"","header-above-stick-meta":"","header-main-stick-meta":"","header-below-stick-meta":""},"product_brand":[],"product_cat":[20],"product_tag":[],"class_list":{"0":"post-1362","1":"product","2":"type-product","3":"status-publish","4":"has-post-thumbnail","6":"product_cat-proteccion-a-la-cabeza","8":"first","9":"instock","10":"shipping-taxable","11":"product-type-simple"},"_links":{"self":[{"href":"https:\/\/eyrsecurity.com\/index.php?rest_route=\/wp\/v2\/product\/1362","targetHints":{"allow":["GET"]}}],"collection":[{"href":"https:\/\/eyrsecurity.com\/index.php?rest_route=\/wp\/v2\/product"}],"about":[{"href":"https:\/\/eyrsecurity.com\/index.php?rest_route=\/wp\/v2\/types\/product"}],"replies":[{"embeddable":true,"href":"https:\/\/eyrsecurity.com\/index.php?rest_route=%2Fwp%2Fv2%2Fcomments&post=1362"}],"wp:featuredmedia":[{"embeddable":true,"href":"https:\/\/eyrsecurity.com\/index.php?rest_route=\/wp\/v2\/media\/1756"}],"wp:attachment":[{"href":"https:\/\/eyrsecurity.com\/index.php?rest_route=%2Fwp%2Fv2%2Fmedia&parent=1362"}],"wp:term":[{"taxonomy":"product_brand","embeddable":true,"href":"https:\/\/eyrsecurity.com\/index.php?rest_route=%2Fwp%2Fv2%2Fproduct_brand&post=1362"},{"taxonomy":"product_cat","embeddable":true,"href":"https:\/\/eyrsecurity.com\/index.php?rest_route=%2Fwp%2Fv2%2Fproduct_cat&post=1362"},{"taxonomy":"product_tag","embeddable":true,"href":"https:\/\/eyrsecurity.com\/index.php?rest_route=%2Fwp%2Fv2%2Fproduct_tag&post=1362"}],"curies":[{"name":"wp","href":"https:\/\/api.w.org\/{rel}","templated":true}]}}