{"id":1360,"date":"2021-10-18T05:41:50","date_gmt":"2021-10-18T05:41:50","guid":{"rendered":"https:\/\/eyrsecurity.com\/?post_type=product&#038;p=1360"},"modified":"2021-10-24T06:37:03","modified_gmt":"2021-10-24T06:37:03","slug":"zapato-de-cuero-punta-de-acero","status":"publish","type":"product","link":"https:\/\/eyrsecurity.com\/?product=zapato-de-cuero-punta-de-acero","title":{"rendered":"ZAPATO DE CUERO PUNTA DE ACERO"},"content":{"rendered":"<h4 class=\"title-tab\">Descripci\u00f3n<\/h4>\n<ul>\n<li>Cuero Y Carnaza De Primera 2.00mm<\/li>\n<li>Color Negro<\/li>\n<li>Forro Poliester Plomo Plata<\/li>\n<li>Plantilla Textil<\/li>\n<li>Puntera Acero<\/li>\n<li>Suela Caucho<\/li>\n<li>Pegado Y Cosido<\/li>\n<li>Tallas 35 al 45<\/li>\n<li>Usos Miner\u00eda , Construcci\u00f3n , Metal Mec\u00e1nica , Log\u00edstica<\/li>\n<\/ul>\n","protected":false},"excerpt":{"rendered":"<p>Producto Peruano, Calzado de Seguridad muy c\u00f3modo y liviano bajo el sistema de pegado con excelente resistencia a la abrasi\u00f3n e hidrocarburos. Ojalillo en metal y cordones en tela textil color negro. Capellada: 100% CUERO Res calibre 1.6mm-1.8mm lustrable. Leng\u00fceta de Badana de cuero color negro de alta respirabilidad. Forro: Material textil tejido color negro. Plantilla Interior: Microfibra textil tejido color negro. Puntera de Seguridad.<\/p>\n","protected":false},"featured_media":2268,"comment_status":"open","ping_status":"closed","template":"","meta":{"site-sidebar-layout":"default","site-content-layout":"default","ast-main-header-display":"","ast-hfb-above-header-display":"","ast-hfb-below-header-display":"","ast-hfb-mobile-header-display":"","site-post-title":"","ast-breadcrumbs-content":"","ast-featured-img":"","footer-sml-layout":"","theme-transparent-header-meta":"default","adv-header-id-meta":"","stick-header-meta":"","header-above-stick-meta":"","header-main-stick-meta":"","header-below-stick-meta":""},"product_brand":[],"product_cat":[27],"product_tag":[],"class_list":{"0":"post-1360","1":"product","2":"type-product","3":"status-publish","4":"has-post-thumbnail","6":"product_cat-proteccion-a-los-pies","8":"first","9":"instock","10":"shipping-taxable","11":"product-type-simple"},"_links":{"self":[{"href":"https:\/\/eyrsecurity.com\/index.php?rest_route=\/wp\/v2\/product\/1360","targetHints":{"allow":["GET"]}}],"collection":[{"href":"https:\/\/eyrsecurity.com\/index.php?rest_route=\/wp\/v2\/product"}],"about":[{"href":"https:\/\/eyrsecurity.com\/index.php?rest_route=\/wp\/v2\/types\/product"}],"replies":[{"embeddable":true,"href":"https:\/\/eyrsecurity.com\/index.php?rest_route=%2Fwp%2Fv2%2Fcomments&post=1360"}],"wp:featuredmedia":[{"embeddable":true,"href":"https:\/\/eyrsecurity.com\/index.php?rest_route=\/wp\/v2\/media\/2268"}],"wp:attachment":[{"href":"https:\/\/eyrsecurity.com\/index.php?rest_route=%2Fwp%2Fv2%2Fmedia&parent=1360"}],"wp:term":[{"taxonomy":"product_brand","embeddable":true,"href":"https:\/\/eyrsecurity.com\/index.php?rest_route=%2Fwp%2Fv2%2Fproduct_brand&post=1360"},{"taxonomy":"product_cat","embeddable":true,"href":"https:\/\/eyrsecurity.com\/index.php?rest_route=%2Fwp%2Fv2%2Fproduct_cat&post=1360"},{"taxonomy":"product_tag","embeddable":true,"href":"https:\/\/eyrsecurity.com\/index.php?rest_route=%2Fwp%2Fv2%2Fproduct_tag&post=1360"}],"curies":[{"name":"wp","href":"https:\/\/api.w.org\/{rel}","templated":true}]}}