{"id":1355,"date":"2021-10-18T05:41:50","date_gmt":"2021-10-18T05:41:50","guid":{"rendered":"https:\/\/eyrsecurity.com\/?post_type=product&#038;p=1355"},"modified":"2021-10-24T06:30:22","modified_gmt":"2021-10-24T06:30:22","slug":"zapato-segpro-modelo-harder","status":"publish","type":"product","link":"https:\/\/eyrsecurity.com\/?product=zapato-segpro-modelo-harder","title":{"rendered":"ZAPATO SEGPRO MODELO HARDER"},"content":{"rendered":"<div class=\"woocommerce-tabs wc-tabs-wrapper\">\n<div id=\"tab-description\" class=\"woocommerce-Tabs-panel woocommerce-Tabs-panel--description panel entry-content wc-tab\" role=\"tabpanel\" aria-labelledby=\"tab-title-description\">\n<h4 class=\"title-tab\">Descripci\u00f3n<\/h4>\n<ul>\n<li>Fabricaci\u00f3n: Inyecci\u00f3n directa al corte.<\/li>\n<li>Aparado: Cuero Crup\u00f3n.<\/li>\n<li>Color: Negro.<\/li>\n<li>Forro: Mesh Respirable.<\/li>\n<li>Costuras: Triple costura con hilo Nylon.<\/li>\n<li>Plantilla Interior: Intercambiable.<\/li>\n<li>Entreplantilla: Acero para evitar perforaciones.<\/li>\n<li>Puntera: Acero \u2013 Resistencia 200 Joules.<\/li>\n<li>Plantilla de armar: Material no tejido.<\/li>\n<li>Planta: Poliuretano (PU) Bi-densidad resistente a hidrocarburos, grasas y aceites.<\/li>\n<li>Tal\u00f3n: Con Absorci\u00f3n de Energ\u00eda.<\/li>\n<li>Cordones: Circulares de alta resistencia.<\/li>\n<li>Fuelle: Integrado al aparado.<\/li>\n<li>Tallas: 35 \u2013 45.<\/li>\n<\/ul>\n<\/div>\n<\/div>\n","protected":false},"excerpt":{"rendered":"<p>Calzado de seguridad, muy c\u00f3modo y liviano, fabricado bajo el sistema de inyecci\u00f3n directa sobre el corte, con plantilla anti-perforante y puntera de acero, suela de PU-bidensidad, antideslizante y resistente a hidrocarburos.<\/p>\n","protected":false},"featured_media":2269,"comment_status":"open","ping_status":"closed","template":"","meta":{"site-sidebar-layout":"default","site-content-layout":"default","ast-main-header-display":"","ast-hfb-above-header-display":"","ast-hfb-below-header-display":"","ast-hfb-mobile-header-display":"","site-post-title":"","ast-breadcrumbs-content":"","ast-featured-img":"","footer-sml-layout":"","theme-transparent-header-meta":"default","adv-header-id-meta":"","stick-header-meta":"","header-above-stick-meta":"","header-main-stick-meta":"","header-below-stick-meta":""},"product_brand":[],"product_cat":[27],"product_tag":[],"class_list":{"0":"post-1355","1":"product","2":"type-product","3":"status-publish","4":"has-post-thumbnail","6":"product_cat-proteccion-a-los-pies","8":"first","9":"instock","10":"shipping-taxable","11":"product-type-simple"},"_links":{"self":[{"href":"https:\/\/eyrsecurity.com\/index.php?rest_route=\/wp\/v2\/product\/1355","targetHints":{"allow":["GET"]}}],"collection":[{"href":"https:\/\/eyrsecurity.com\/index.php?rest_route=\/wp\/v2\/product"}],"about":[{"href":"https:\/\/eyrsecurity.com\/index.php?rest_route=\/wp\/v2\/types\/product"}],"replies":[{"embeddable":true,"href":"https:\/\/eyrsecurity.com\/index.php?rest_route=%2Fwp%2Fv2%2Fcomments&post=1355"}],"wp:featuredmedia":[{"embeddable":true,"href":"https:\/\/eyrsecurity.com\/index.php?rest_route=\/wp\/v2\/media\/2269"}],"wp:attachment":[{"href":"https:\/\/eyrsecurity.com\/index.php?rest_route=%2Fwp%2Fv2%2Fmedia&parent=1355"}],"wp:term":[{"taxonomy":"product_brand","embeddable":true,"href":"https:\/\/eyrsecurity.com\/index.php?rest_route=%2Fwp%2Fv2%2Fproduct_brand&post=1355"},{"taxonomy":"product_cat","embeddable":true,"href":"https:\/\/eyrsecurity.com\/index.php?rest_route=%2Fwp%2Fv2%2Fproduct_cat&post=1355"},{"taxonomy":"product_tag","embeddable":true,"href":"https:\/\/eyrsecurity.com\/index.php?rest_route=%2Fwp%2Fv2%2Fproduct_tag&post=1355"}],"curies":[{"name":"wp","href":"https:\/\/api.w.org\/{rel}","templated":true}]}}