{"id":1352,"date":"2021-10-18T05:41:49","date_gmt":"2021-10-18T05:41:49","guid":{"rendered":"https:\/\/eyrsecurity.com\/?post_type=product&#038;p=1352"},"modified":"2021-10-24T06:39:00","modified_gmt":"2021-10-24T06:39:00","slug":"botin-nanterre-clute","status":"publish","type":"product","link":"https:\/\/eyrsecurity.com\/?product=botin-nanterre-clute","title":{"rendered":"BOTIN NANTERRE CLUTE"},"content":{"rendered":"<h4>CARACTER\u00cdSTICAS<\/h4>\n<ul>\n<li>Bot\u00edn elaborado en cuero crup\u00f3n (b\u00fafalo)<\/li>\n<li>Categor\u00eda S1P<\/li>\n<li>Punta de acero<\/li>\n<li>Plantilla de acero<\/li>\n<li>Antideslizante<\/li>\n<li>CE , EN ISO 20345:2011<\/li>\n<\/ul>\n","protected":false},"excerpt":{"rendered":"<p>Calzado de uso profesional, que ha sido creado como una eficaz herramienta para proteger, de forma adecuada al trabajador de riesgos que efectuan las extremidades inferiores y en particular los pies.<\/p>\n","protected":false},"featured_media":2227,"comment_status":"open","ping_status":"closed","template":"","meta":{"site-sidebar-layout":"default","site-content-layout":"default","ast-main-header-display":"","ast-hfb-above-header-display":"","ast-hfb-below-header-display":"","ast-hfb-mobile-header-display":"","site-post-title":"","ast-breadcrumbs-content":"","ast-featured-img":"","footer-sml-layout":"","theme-transparent-header-meta":"default","adv-header-id-meta":"","stick-header-meta":"","header-above-stick-meta":"","header-main-stick-meta":"","header-below-stick-meta":""},"product_brand":[],"product_cat":[27],"product_tag":[],"class_list":{"0":"post-1352","1":"product","2":"type-product","3":"status-publish","4":"has-post-thumbnail","6":"product_cat-proteccion-a-los-pies","8":"first","9":"instock","10":"shipping-taxable","11":"product-type-simple"},"_links":{"self":[{"href":"https:\/\/eyrsecurity.com\/index.php?rest_route=\/wp\/v2\/product\/1352","targetHints":{"allow":["GET"]}}],"collection":[{"href":"https:\/\/eyrsecurity.com\/index.php?rest_route=\/wp\/v2\/product"}],"about":[{"href":"https:\/\/eyrsecurity.com\/index.php?rest_route=\/wp\/v2\/types\/product"}],"replies":[{"embeddable":true,"href":"https:\/\/eyrsecurity.com\/index.php?rest_route=%2Fwp%2Fv2%2Fcomments&post=1352"}],"wp:featuredmedia":[{"embeddable":true,"href":"https:\/\/eyrsecurity.com\/index.php?rest_route=\/wp\/v2\/media\/2227"}],"wp:attachment":[{"href":"https:\/\/eyrsecurity.com\/index.php?rest_route=%2Fwp%2Fv2%2Fmedia&parent=1352"}],"wp:term":[{"taxonomy":"product_brand","embeddable":true,"href":"https:\/\/eyrsecurity.com\/index.php?rest_route=%2Fwp%2Fv2%2Fproduct_brand&post=1352"},{"taxonomy":"product_cat","embeddable":true,"href":"https:\/\/eyrsecurity.com\/index.php?rest_route=%2Fwp%2Fv2%2Fproduct_cat&post=1352"},{"taxonomy":"product_tag","embeddable":true,"href":"https:\/\/eyrsecurity.com\/index.php?rest_route=%2Fwp%2Fv2%2Fproduct_tag&post=1352"}],"curies":[{"name":"wp","href":"https:\/\/api.w.org\/{rel}","templated":true}]}}