{"id":1350,"date":"2021-10-18T05:41:49","date_gmt":"2021-10-18T05:41:49","guid":{"rendered":"https:\/\/eyrsecurity.com\/?post_type=product&#038;p=1350"},"modified":"2021-10-24T19:53:36","modified_gmt":"2021-10-24T19:53:36","slug":"guante-g40-nitrilo-azul-jackson","status":"publish","type":"product","link":"https:\/\/eyrsecurity.com\/?product=guante-g40-nitrilo-azul-jackson","title":{"rendered":"GUANTE G40 NITRILO AZUL JACKSON"},"content":{"rendered":"<h4><strong>Caracter\u00edsticas<\/strong><\/h4>\n<p><strong>Tejido de Punto de Nylon<\/strong><\/p>\n<p>El guante est\u00e1 fabricado de un tejido de punto de nylon negro sin costuras, que provee comodidad, mejor ajuste, mayor destreza y respirabilidad al usuario, adem\u00e1s de ocultar la suciedad y las manchas. Esto se traduce en una mayor productividad y durabilidad para el usuario cuando se le compara con otros guantes de protecci\u00f3n general, tales como el cuero y la carnaza. Las costuras en la punta de los dedos, son parte de las razones por las cuales, otros guantes de protecci\u00f3n proveen menor destreza y comodidad<br \/>\nal usuario. Estos guantes tienen una banda el\u00e1stica en la mu\u00f1eca con c\u00f3digo de colores que permite identificar la talla.<br \/>\n<strong>Recubrimiento de espuma de Nitrilo<\/strong><\/p>\n<p>El guante tiene un recubrimiento de espuma de nitrilo, que provee una capa con excelente resistencia a la abrasi\u00f3n (calificaci\u00f3n 3 de 4 conforme a la EN388), protecci\u00f3n contra l\u00edquidos, agarre en seco-h\u00famedo y durabilidad. Este producto no contiene talco ni l\u00e1tex.<\/p>\n<p><strong>Composici\u00f3n del Guante<\/strong><\/p>\n<ul>\n<li>Nylon: 50%<\/li>\n<li>Nitrilo Azul: 50%<\/li>\n<\/ul>\n<h4><strong>APLICACIONES<\/strong><\/h4>\n<p>A continuaci\u00f3n se enuncian ejemplos de aplicaciones y usos comunes de los guantes de protecci\u00f3n Jackson Safety G40 recubiertos con nitrilo. Es muy importante conocer el proceso y los riesgos mec\u00e1nicos: abrasi\u00f3n, corte, rasgado y punci\u00f3n; a los que esta expuesta la persona para poder definir el uso del guante adecuado. Este producto no debe ser usado como guante de protecci\u00f3n contra qu\u00edmicos.<\/p>\n<ul>\n<li>Ensamblajes de piezas medianas \u2013 peque\u00f1as.<\/li>\n<li>Labores de almac\u00e9n, env\u00edo y entrega de mercanc\u00edas.<\/li>\n<li>Ensamblaje automotriz (presencia de aceite).<\/li>\n<li>Manipulaci\u00f3n de materiales.<\/li>\n<li>Mantenimiento en general.<\/li>\n<li>Operaciones de cableado.<\/li>\n<li>Empleo de herramientas e instrumentos.<\/li>\n<li>\u00c1reas de inspecci\u00f3n.<\/li>\n<\/ul>\n<h4><strong>EST\u00c1NDARES\u00a0Y CERTIFICACIONES<\/strong><\/h4>\n<p>Est\u00e1ndar Europeo EN 420:2003 \u2013 Requerimientos Generales y M\u00e9todos de Prueba para los Guantes de Protecci\u00f3n.<\/p>\n<p>El est\u00e1ndar Europeo EN 420: 2003 espec\u00edfica los requerimientos informaci\u00f3n de empaque, simbolog\u00eda, dise\u00f1o, fabricaci\u00f3n, asignaci\u00f3n de tallas, comodidad y almacenamiento que debe tener el producto. El guante est\u00e1 aprobado por dicho est\u00e1ndar y por eso se utiliza el pictograma de la marca CE (European Conformity) en el empaque primario.<\/p>\n<p>Est\u00e1ndar Europeo EN 388:2003 \u2013 Propiedades Mec\u00e1nicas \u2013 especifica el desempe\u00f1o mec\u00e1nico de los guantes. El guante esta aprobado bajo dicho est\u00e1ndar y por eso se utiliza el pictograma del est\u00e1ndar EN 388:2003.<\/p>\n","protected":false},"excerpt":{"rendered":"<p><strong>Guante Jackson G40 Nitrilo Azul,\u00a0<\/strong>guante tejido en punto de nylon sin costuras para mayor respirabilidad, libre de talco y l\u00e1tex. Mayor escala de abrasi\u00f3n (3 de 4 conforme al est\u00e1ndar EN 388). Aplicaciones con presencia de aceite.<\/p>\n","protected":false},"featured_media":2347,"comment_status":"open","ping_status":"closed","template":"","meta":{"site-sidebar-layout":"default","site-content-layout":"default","ast-main-header-display":"","ast-hfb-above-header-display":"","ast-hfb-below-header-display":"","ast-hfb-mobile-header-display":"","site-post-title":"","ast-breadcrumbs-content":"","ast-featured-img":"","footer-sml-layout":"","theme-transparent-header-meta":"default","adv-header-id-meta":"","stick-header-meta":"","header-above-stick-meta":"","header-main-stick-meta":"","header-below-stick-meta":""},"product_brand":[],"product_cat":[26],"product_tag":[],"class_list":{"0":"post-1350","1":"product","2":"type-product","3":"status-publish","4":"has-post-thumbnail","6":"product_cat-proteccion-a-las-manos","8":"first","9":"instock","10":"shipping-taxable","11":"product-type-simple"},"_links":{"self":[{"href":"https:\/\/eyrsecurity.com\/index.php?rest_route=\/wp\/v2\/product\/1350","targetHints":{"allow":["GET"]}}],"collection":[{"href":"https:\/\/eyrsecurity.com\/index.php?rest_route=\/wp\/v2\/product"}],"about":[{"href":"https:\/\/eyrsecurity.com\/index.php?rest_route=\/wp\/v2\/types\/product"}],"replies":[{"embeddable":true,"href":"https:\/\/eyrsecurity.com\/index.php?rest_route=%2Fwp%2Fv2%2Fcomments&post=1350"}],"wp:featuredmedia":[{"embeddable":true,"href":"https:\/\/eyrsecurity.com\/index.php?rest_route=\/wp\/v2\/media\/2347"}],"wp:attachment":[{"href":"https:\/\/eyrsecurity.com\/index.php?rest_route=%2Fwp%2Fv2%2Fmedia&parent=1350"}],"wp:term":[{"taxonomy":"product_brand","embeddable":true,"href":"https:\/\/eyrsecurity.com\/index.php?rest_route=%2Fwp%2Fv2%2Fproduct_brand&post=1350"},{"taxonomy":"product_cat","embeddable":true,"href":"https:\/\/eyrsecurity.com\/index.php?rest_route=%2Fwp%2Fv2%2Fproduct_cat&post=1350"},{"taxonomy":"product_tag","embeddable":true,"href":"https:\/\/eyrsecurity.com\/index.php?rest_route=%2Fwp%2Fv2%2Fproduct_tag&post=1350"}],"curies":[{"name":"wp","href":"https:\/\/api.w.org\/{rel}","templated":true}]}}