{"id":1349,"date":"2021-10-18T05:41:49","date_gmt":"2021-10-18T05:41:49","guid":{"rendered":"https:\/\/eyrsecurity.com\/?post_type=product&#038;p=1349"},"modified":"2021-10-24T19:52:16","modified_gmt":"2021-10-24T19:52:16","slug":"guante-super-flex-nylon-clute","status":"publish","type":"product","link":"https:\/\/eyrsecurity.com\/?product=guante-super-flex-nylon-clute","title":{"rendered":"GUANTE SUPER FLEX NYLON CLUTE"},"content":{"rendered":"<h4>CARACTER\u00cdSTICAS<\/h4>\n<ul>\n<li>Tejido sin costura de nylon de galga N\u00b013<\/li>\n<li>Revestimiento resistente al rasgado<\/li>\n<li>Certificaciones: CE<\/li>\n<\/ul>\n","protected":false},"excerpt":{"rendered":"<p>Los guantes de protecci\u00f3n SUPER FLEX de CLUTE recubiertos con l\u00e1tex corrugado, son los guantes de protecci\u00f3n industrial de uso general, ideales para proteger a las personas de los procesos ofreciendo un excelente nivel de agarre, destreza y comodidad.<\/p>\n","protected":false},"featured_media":2394,"comment_status":"open","ping_status":"closed","template":"","meta":{"site-sidebar-layout":"default","site-content-layout":"default","ast-main-header-display":"","ast-hfb-above-header-display":"","ast-hfb-below-header-display":"","ast-hfb-mobile-header-display":"","site-post-title":"","ast-breadcrumbs-content":"","ast-featured-img":"","footer-sml-layout":"","theme-transparent-header-meta":"default","adv-header-id-meta":"","stick-header-meta":"","header-above-stick-meta":"","header-main-stick-meta":"","header-below-stick-meta":""},"product_brand":[],"product_cat":[26],"product_tag":[],"class_list":{"0":"post-1349","1":"product","2":"type-product","3":"status-publish","4":"has-post-thumbnail","6":"product_cat-proteccion-a-las-manos","8":"first","9":"instock","10":"shipping-taxable","11":"product-type-simple"},"_links":{"self":[{"href":"https:\/\/eyrsecurity.com\/index.php?rest_route=\/wp\/v2\/product\/1349","targetHints":{"allow":["GET"]}}],"collection":[{"href":"https:\/\/eyrsecurity.com\/index.php?rest_route=\/wp\/v2\/product"}],"about":[{"href":"https:\/\/eyrsecurity.com\/index.php?rest_route=\/wp\/v2\/types\/product"}],"replies":[{"embeddable":true,"href":"https:\/\/eyrsecurity.com\/index.php?rest_route=%2Fwp%2Fv2%2Fcomments&post=1349"}],"wp:featuredmedia":[{"embeddable":true,"href":"https:\/\/eyrsecurity.com\/index.php?rest_route=\/wp\/v2\/media\/2394"}],"wp:attachment":[{"href":"https:\/\/eyrsecurity.com\/index.php?rest_route=%2Fwp%2Fv2%2Fmedia&parent=1349"}],"wp:term":[{"taxonomy":"product_brand","embeddable":true,"href":"https:\/\/eyrsecurity.com\/index.php?rest_route=%2Fwp%2Fv2%2Fproduct_brand&post=1349"},{"taxonomy":"product_cat","embeddable":true,"href":"https:\/\/eyrsecurity.com\/index.php?rest_route=%2Fwp%2Fv2%2Fproduct_cat&post=1349"},{"taxonomy":"product_tag","embeddable":true,"href":"https:\/\/eyrsecurity.com\/index.php?rest_route=%2Fwp%2Fv2%2Fproduct_tag&post=1349"}],"curies":[{"name":"wp","href":"https:\/\/api.w.org\/{rel}","templated":true}]}}