{"id":1346,"date":"2021-10-18T05:41:49","date_gmt":"2021-10-18T05:41:49","guid":{"rendered":"https:\/\/eyrsecurity.com\/?post_type=product&#038;p=1346"},"modified":"2021-10-24T19:42:23","modified_gmt":"2021-10-24T19:42:23","slug":"guante-de-hilo-con-puntos-de-pvc-clute","status":"publish","type":"product","link":"https:\/\/eyrsecurity.com\/?product=guante-de-hilo-con-puntos-de-pvc-clute","title":{"rendered":"GUANTE DE HILO CON PUNTOS DE PVC \u2013 CLUTE"},"content":{"rendered":"<h4 class=\"title-tab\">Descripci\u00f3n<\/h4>\n<ul>\n<li>Fabricados con hilo de poly algod\u00f3n.<\/li>\n<li>Pu\u00f1o el\u00e1stico de color blanco.<\/li>\n<li>Puntos de PVC con refuerzo en u\u00f1as y entre dedos (pulgar e \u00edndice), son de color negro. Facilitan el trabajo con objetos o superficies resbalosas y aumentan la protecci\u00f3n contra la abrasi\u00f3n.<\/li>\n<li>Aumenta la destreza manual.<\/li>\n<li>Ofrecen comodidad, flexibilidad y frescura.<\/li>\n<li>Ambidextros<\/li>\n<li>Lavables<\/li>\n<li>Talla est\u00e1ndar<\/li>\n<\/ul>\n","protected":false},"excerpt":{"rendered":"<p>Nuestros guantes de hilo liviano son de uso general, fabricados en tejido de punto liso de una sola pieza. Su nivel de protecci\u00f3n depender\u00e1 del grosor del tejido o galga y del peso del guante. A menor n\u00famero de galga mayor peso y por ende mayor protecci\u00f3n. El usuario juzgar\u00e1 por s\u00ed mismo el rendimiento del guante. Estos guantes pueden utilizarse debajo de otros guantes como forro para absorber el sudor de las manos y para aumentar el aislamiento t\u00e9rmico.<br \/>\nRecomendados para todo tipo de trabajos cuyos niveles de riesgos mec\u00e1nicos y t\u00e9rmicos sean bajos y donde se requiera de una gran destreza manual.<\/p>\n","protected":false},"featured_media":2332,"comment_status":"open","ping_status":"closed","template":"","meta":{"site-sidebar-layout":"default","site-content-layout":"default","ast-main-header-display":"","ast-hfb-above-header-display":"","ast-hfb-below-header-display":"","ast-hfb-mobile-header-display":"","site-post-title":"","ast-breadcrumbs-content":"","ast-featured-img":"","footer-sml-layout":"","theme-transparent-header-meta":"default","adv-header-id-meta":"","stick-header-meta":"","header-above-stick-meta":"","header-main-stick-meta":"","header-below-stick-meta":""},"product_brand":[],"product_cat":[26],"product_tag":[],"class_list":{"0":"post-1346","1":"product","2":"type-product","3":"status-publish","4":"has-post-thumbnail","6":"product_cat-proteccion-a-las-manos","8":"first","9":"instock","10":"shipping-taxable","11":"product-type-simple"},"_links":{"self":[{"href":"https:\/\/eyrsecurity.com\/index.php?rest_route=\/wp\/v2\/product\/1346","targetHints":{"allow":["GET"]}}],"collection":[{"href":"https:\/\/eyrsecurity.com\/index.php?rest_route=\/wp\/v2\/product"}],"about":[{"href":"https:\/\/eyrsecurity.com\/index.php?rest_route=\/wp\/v2\/types\/product"}],"replies":[{"embeddable":true,"href":"https:\/\/eyrsecurity.com\/index.php?rest_route=%2Fwp%2Fv2%2Fcomments&post=1346"}],"wp:featuredmedia":[{"embeddable":true,"href":"https:\/\/eyrsecurity.com\/index.php?rest_route=\/wp\/v2\/media\/2332"}],"wp:attachment":[{"href":"https:\/\/eyrsecurity.com\/index.php?rest_route=%2Fwp%2Fv2%2Fmedia&parent=1346"}],"wp:term":[{"taxonomy":"product_brand","embeddable":true,"href":"https:\/\/eyrsecurity.com\/index.php?rest_route=%2Fwp%2Fv2%2Fproduct_brand&post=1346"},{"taxonomy":"product_cat","embeddable":true,"href":"https:\/\/eyrsecurity.com\/index.php?rest_route=%2Fwp%2Fv2%2Fproduct_cat&post=1346"},{"taxonomy":"product_tag","embeddable":true,"href":"https:\/\/eyrsecurity.com\/index.php?rest_route=%2Fwp%2Fv2%2Fproduct_tag&post=1346"}],"curies":[{"name":"wp","href":"https:\/\/api.w.org\/{rel}","templated":true}]}}