{"id":1341,"date":"2021-10-18T05:41:46","date_gmt":"2021-10-18T05:41:46","guid":{"rendered":"https:\/\/eyrsecurity.com\/?post_type=product&#038;p=1341"},"modified":"2021-10-24T19:54:49","modified_gmt":"2021-10-24T19:54:49","slug":"guantes-resistente-a-quimicos-hycron-ansell","status":"publish","type":"product","link":"https:\/\/eyrsecurity.com\/?product=guantes-resistente-a-quimicos-hycron-ansell","title":{"rendered":"GUANTES RESISTENTE A QUIMICOS HYCRON ANSELL"},"content":{"rendered":"<h4>Caracter\u00edsticas<\/h4>\n<ul class=\"detalle\">\n<li>Material nitrilo con pu\u00f1o tejido<\/li>\n<li>Largo 9.5&#8243;<\/li>\n<li>Especial para manipulaci\u00f3n de acidos y qu\u00edmicos<\/li>\n<li>Tallas: 8, 9, 10<\/li>\n<li>Normativa: EN3884221<\/li>\n<\/ul>\n","protected":false},"excerpt":{"rendered":"<p>Guantes de resistencia a qu\u00edmicos, de material nitrilo, con pu\u00f1o tejido, especial para manipulaci\u00f3n de \u00e1cidos.<\/p>\n","protected":false},"featured_media":2296,"comment_status":"open","ping_status":"closed","template":"","meta":{"site-sidebar-layout":"default","site-content-layout":"default","ast-main-header-display":"","ast-hfb-above-header-display":"","ast-hfb-below-header-display":"","ast-hfb-mobile-header-display":"","site-post-title":"","ast-breadcrumbs-content":"","ast-featured-img":"","footer-sml-layout":"","theme-transparent-header-meta":"default","adv-header-id-meta":"","stick-header-meta":"","header-above-stick-meta":"","header-main-stick-meta":"","header-below-stick-meta":""},"product_brand":[],"product_cat":[26],"product_tag":[],"class_list":{"0":"post-1341","1":"product","2":"type-product","3":"status-publish","4":"has-post-thumbnail","6":"product_cat-proteccion-a-las-manos","8":"first","9":"instock","10":"shipping-taxable","11":"product-type-simple"},"_links":{"self":[{"href":"https:\/\/eyrsecurity.com\/index.php?rest_route=\/wp\/v2\/product\/1341","targetHints":{"allow":["GET"]}}],"collection":[{"href":"https:\/\/eyrsecurity.com\/index.php?rest_route=\/wp\/v2\/product"}],"about":[{"href":"https:\/\/eyrsecurity.com\/index.php?rest_route=\/wp\/v2\/types\/product"}],"replies":[{"embeddable":true,"href":"https:\/\/eyrsecurity.com\/index.php?rest_route=%2Fwp%2Fv2%2Fcomments&post=1341"}],"wp:featuredmedia":[{"embeddable":true,"href":"https:\/\/eyrsecurity.com\/index.php?rest_route=\/wp\/v2\/media\/2296"}],"wp:attachment":[{"href":"https:\/\/eyrsecurity.com\/index.php?rest_route=%2Fwp%2Fv2%2Fmedia&parent=1341"}],"wp:term":[{"taxonomy":"product_brand","embeddable":true,"href":"https:\/\/eyrsecurity.com\/index.php?rest_route=%2Fwp%2Fv2%2Fproduct_brand&post=1341"},{"taxonomy":"product_cat","embeddable":true,"href":"https:\/\/eyrsecurity.com\/index.php?rest_route=%2Fwp%2Fv2%2Fproduct_cat&post=1341"},{"taxonomy":"product_tag","embeddable":true,"href":"https:\/\/eyrsecurity.com\/index.php?rest_route=%2Fwp%2Fv2%2Fproduct_tag&post=1341"}],"curies":[{"name":"wp","href":"https:\/\/api.w.org\/{rel}","templated":true}]}}