{"id":1340,"date":"2021-10-18T05:41:46","date_gmt":"2021-10-18T05:41:46","guid":{"rendered":"https:\/\/eyrsecurity.com\/?post_type=product&#038;p=1340"},"modified":"2021-10-25T01:38:21","modified_gmt":"2021-10-25T01:38:21","slug":"cartucho-combinado-3m-60929s","status":"publish","type":"product","link":"https:\/\/eyrsecurity.com\/?product=cartucho-combinado-3m-60929s","title":{"rendered":"CARTUCHO COMBINADO 3M 60929S"},"content":{"rendered":"<h4 class=\"title-tab\">Descripci\u00f3n<\/h4>\n<ul>\n<li>Cartucho y filtro combinado<\/li>\n<li>Ciertos vapores org\u00e1nicos, gases \u00e1cidos y part\u00edculas. Est\u00e1 recomendado para ser usado contra yodo radioactivo y bromuro de metilo hasta concentraciones de 5 ppm y para no m\u00e1s de un turno de trabajo.<\/li>\n<\/ul>\n","protected":false},"excerpt":{"rendered":"<p>Los cartuchos 60929S pueden ser utilizados con los respiradores 7500, 7800, FF-400 y Serie 6000 de 3M, a su<br \/>\nvez brindan una efectiva protecci\u00f3n respiratoria contra vapores de mercurio \u00f3 gas cloro y part\u00edculas: polvos, humos met\u00e1licos y neblinas.<\/p>\n","protected":false},"featured_media":2446,"comment_status":"open","ping_status":"closed","template":"","meta":{"site-sidebar-layout":"default","site-content-layout":"default","ast-main-header-display":"","ast-hfb-above-header-display":"","ast-hfb-below-header-display":"","ast-hfb-mobile-header-display":"","site-post-title":"","ast-breadcrumbs-content":"","ast-featured-img":"","footer-sml-layout":"","theme-transparent-header-meta":"default","adv-header-id-meta":"","stick-header-meta":"","header-above-stick-meta":"","header-main-stick-meta":"","header-below-stick-meta":""},"product_brand":[],"product_cat":[25],"product_tag":[],"class_list":{"0":"post-1340","1":"product","2":"type-product","3":"status-publish","4":"has-post-thumbnail","6":"product_cat-proteccion-respiratoria","8":"first","9":"instock","10":"shipping-taxable","11":"product-type-simple"},"_links":{"self":[{"href":"https:\/\/eyrsecurity.com\/index.php?rest_route=\/wp\/v2\/product\/1340","targetHints":{"allow":["GET"]}}],"collection":[{"href":"https:\/\/eyrsecurity.com\/index.php?rest_route=\/wp\/v2\/product"}],"about":[{"href":"https:\/\/eyrsecurity.com\/index.php?rest_route=\/wp\/v2\/types\/product"}],"replies":[{"embeddable":true,"href":"https:\/\/eyrsecurity.com\/index.php?rest_route=%2Fwp%2Fv2%2Fcomments&post=1340"}],"wp:featuredmedia":[{"embeddable":true,"href":"https:\/\/eyrsecurity.com\/index.php?rest_route=\/wp\/v2\/media\/2446"}],"wp:attachment":[{"href":"https:\/\/eyrsecurity.com\/index.php?rest_route=%2Fwp%2Fv2%2Fmedia&parent=1340"}],"wp:term":[{"taxonomy":"product_brand","embeddable":true,"href":"https:\/\/eyrsecurity.com\/index.php?rest_route=%2Fwp%2Fv2%2Fproduct_brand&post=1340"},{"taxonomy":"product_cat","embeddable":true,"href":"https:\/\/eyrsecurity.com\/index.php?rest_route=%2Fwp%2Fv2%2Fproduct_cat&post=1340"},{"taxonomy":"product_tag","embeddable":true,"href":"https:\/\/eyrsecurity.com\/index.php?rest_route=%2Fwp%2Fv2%2Fproduct_tag&post=1340"}],"curies":[{"name":"wp","href":"https:\/\/api.w.org\/{rel}","templated":true}]}}