{"id":1339,"date":"2021-10-18T05:41:46","date_gmt":"2021-10-18T05:41:46","guid":{"rendered":"https:\/\/eyrsecurity.com\/?post_type=product&#038;p=1339"},"modified":"2021-10-25T01:37:39","modified_gmt":"2021-10-25T01:37:39","slug":"cartucho-combinado-3m-60926-multigases","status":"publish","type":"product","link":"https:\/\/eyrsecurity.com\/?product=cartucho-combinado-3m-60926-multigases","title":{"rendered":"CARTUCHO COMBINADO 3M 60926 MULTIGASES"},"content":{"rendered":"<h4 class=\"title-tab\">Descripci\u00f3n<\/h4>\n<ul class=\"MMM--pdpList SNAPS--bullets\">\n<li>Aprobaci\u00f3n NIOSH.<\/li>\n<li>Cartucho combinado para multigases y vapores org\u00e1nicos con filtro de part\u00edculas P100<\/li>\n<li>Utilizar con Respiradores Reutilizables 3M\u2122<\/li>\n<li>Dise\u00f1o swept-back para mejora del campo de visi\u00f3n y el equilibrio<\/li>\n<\/ul>\n","protected":false},"excerpt":{"rendered":"<p><strong>Cartucho y filtro 60926 de 3M<\/strong>\u00a0es un elemento de\u00a0<strong>seguridad industrial<\/strong>\u00a0que brinda\u00a0<strong>protecci\u00f3n respiratoria<\/strong> contra ciertos vapores org\u00e1nicos, cloro, cloruro de hidr\u00f3geno, di\u00f3xido de cloro, di\u00f3xido de azufre, sulfuro de hidr\u00f3geno, amoniaco y metilamina, formaldeh\u00eddo o fluoruro de hidr\u00f3geno, etc.<\/p>\n","protected":false},"featured_media":2445,"comment_status":"open","ping_status":"closed","template":"","meta":{"site-sidebar-layout":"default","site-content-layout":"default","ast-main-header-display":"","ast-hfb-above-header-display":"","ast-hfb-below-header-display":"","ast-hfb-mobile-header-display":"","site-post-title":"","ast-breadcrumbs-content":"","ast-featured-img":"","footer-sml-layout":"","theme-transparent-header-meta":"default","adv-header-id-meta":"","stick-header-meta":"","header-above-stick-meta":"","header-main-stick-meta":"","header-below-stick-meta":""},"product_brand":[],"product_cat":[25],"product_tag":[],"class_list":{"0":"post-1339","1":"product","2":"type-product","3":"status-publish","4":"has-post-thumbnail","6":"product_cat-proteccion-respiratoria","8":"first","9":"instock","10":"shipping-taxable","11":"product-type-simple"},"_links":{"self":[{"href":"https:\/\/eyrsecurity.com\/index.php?rest_route=\/wp\/v2\/product\/1339","targetHints":{"allow":["GET"]}}],"collection":[{"href":"https:\/\/eyrsecurity.com\/index.php?rest_route=\/wp\/v2\/product"}],"about":[{"href":"https:\/\/eyrsecurity.com\/index.php?rest_route=\/wp\/v2\/types\/product"}],"replies":[{"embeddable":true,"href":"https:\/\/eyrsecurity.com\/index.php?rest_route=%2Fwp%2Fv2%2Fcomments&post=1339"}],"wp:featuredmedia":[{"embeddable":true,"href":"https:\/\/eyrsecurity.com\/index.php?rest_route=\/wp\/v2\/media\/2445"}],"wp:attachment":[{"href":"https:\/\/eyrsecurity.com\/index.php?rest_route=%2Fwp%2Fv2%2Fmedia&parent=1339"}],"wp:term":[{"taxonomy":"product_brand","embeddable":true,"href":"https:\/\/eyrsecurity.com\/index.php?rest_route=%2Fwp%2Fv2%2Fproduct_brand&post=1339"},{"taxonomy":"product_cat","embeddable":true,"href":"https:\/\/eyrsecurity.com\/index.php?rest_route=%2Fwp%2Fv2%2Fproduct_cat&post=1339"},{"taxonomy":"product_tag","embeddable":true,"href":"https:\/\/eyrsecurity.com\/index.php?rest_route=%2Fwp%2Fv2%2Fproduct_tag&post=1339"}],"curies":[{"name":"wp","href":"https:\/\/api.w.org\/{rel}","templated":true}]}}