{"id":1333,"date":"2021-10-18T05:41:46","date_gmt":"2021-10-18T05:41:46","guid":{"rendered":"https:\/\/eyrsecurity.com\/?post_type=product&#038;p=1333"},"modified":"2021-10-25T00:51:22","modified_gmt":"2021-10-25T00:51:22","slug":"3m-filtro-6009s-vapores-de-cloro-y-mercurio","status":"publish","type":"product","link":"https:\/\/eyrsecurity.com\/?product=3m-filtro-6009s-vapores-de-cloro-y-mercurio","title":{"rendered":"3M FILTRO 6009S &#8211; VAPORES DE CLORO Y MERCURIO"},"content":{"rendered":"<ul>\n<li>Contra Vapor de Mercurio y cloro<\/li>\n<li>el dise\u00f1o en flecha hacia atr\u00e1s para mayor campo de visi\u00f3n y el equilibrio<\/li>\n<li>Utilizar con Los respiradores reutilizables 3M<\/li>\n<li>Utilizar con Respiradores Reutilizables 3M\u2122<\/li>\n<li>Aprobado por NIOSH contra ciertos vapores de mercurio o cloro. Usar con m\u00e1scaras medias y completas 3M\u2122 Series 6000, 7000 y FF-400 con soportes para filtro de bayoneta.<\/li>\n<\/ul>\n","protected":false},"excerpt":{"rendered":"<p>El cartucho 3M 6009 est\u00e1 dise\u00f1ado para usarse con las secciones frontales media y completa de la serie 6000 de\u00a03M\u00a0y secciones frontales con sujetadores de cartuchos de estilo bayoneta de la serie 7000 de\u00a03M.<\/p>\n","protected":false},"featured_media":2453,"comment_status":"open","ping_status":"closed","template":"","meta":{"site-sidebar-layout":"default","site-content-layout":"default","ast-main-header-display":"","ast-hfb-above-header-display":"","ast-hfb-below-header-display":"","ast-hfb-mobile-header-display":"","site-post-title":"","ast-breadcrumbs-content":"","ast-featured-img":"","footer-sml-layout":"","theme-transparent-header-meta":"default","adv-header-id-meta":"","stick-header-meta":"","header-above-stick-meta":"","header-main-stick-meta":"","header-below-stick-meta":""},"product_brand":[],"product_cat":[25],"product_tag":[],"class_list":{"0":"post-1333","1":"product","2":"type-product","3":"status-publish","4":"has-post-thumbnail","6":"product_cat-proteccion-respiratoria","8":"first","9":"instock","10":"shipping-taxable","11":"product-type-simple"},"_links":{"self":[{"href":"https:\/\/eyrsecurity.com\/index.php?rest_route=\/wp\/v2\/product\/1333","targetHints":{"allow":["GET"]}}],"collection":[{"href":"https:\/\/eyrsecurity.com\/index.php?rest_route=\/wp\/v2\/product"}],"about":[{"href":"https:\/\/eyrsecurity.com\/index.php?rest_route=\/wp\/v2\/types\/product"}],"replies":[{"embeddable":true,"href":"https:\/\/eyrsecurity.com\/index.php?rest_route=%2Fwp%2Fv2%2Fcomments&post=1333"}],"wp:featuredmedia":[{"embeddable":true,"href":"https:\/\/eyrsecurity.com\/index.php?rest_route=\/wp\/v2\/media\/2453"}],"wp:attachment":[{"href":"https:\/\/eyrsecurity.com\/index.php?rest_route=%2Fwp%2Fv2%2Fmedia&parent=1333"}],"wp:term":[{"taxonomy":"product_brand","embeddable":true,"href":"https:\/\/eyrsecurity.com\/index.php?rest_route=%2Fwp%2Fv2%2Fproduct_brand&post=1333"},{"taxonomy":"product_cat","embeddable":true,"href":"https:\/\/eyrsecurity.com\/index.php?rest_route=%2Fwp%2Fv2%2Fproduct_cat&post=1333"},{"taxonomy":"product_tag","embeddable":true,"href":"https:\/\/eyrsecurity.com\/index.php?rest_route=%2Fwp%2Fv2%2Fproduct_tag&post=1333"}],"curies":[{"name":"wp","href":"https:\/\/api.w.org\/{rel}","templated":true}]}}