{"id":1327,"date":"2021-10-18T05:41:45","date_gmt":"2021-10-18T05:41:45","guid":{"rendered":"https:\/\/eyrsecurity.com\/?post_type=product&#038;p=1327"},"modified":"2021-10-25T01:03:17","modified_gmt":"2021-10-25T01:03:17","slug":"cartucho-3m-6001-vapores-organicos","status":"publish","type":"product","link":"https:\/\/eyrsecurity.com\/?product=cartucho-3m-6001-vapores-organicos","title":{"rendered":"CARTUCHO 3M 6001 VAPORES ORG\u00c1NICOS"},"content":{"rendered":"<h4 class=\"title-tab\">Descripci\u00f3n<\/h4>\n<ul>\n<li>El cartucho 3M 6001 protege contra ciertos vapores org\u00e1nicos como algunos alcoholes (excepto metanol),<br \/>\nalgunas acetonas, algunos solventes (excepto cloruro de metileno, tetrafluoretileno, propionaldeh\u00eddo y otros).<\/li>\n<li>Protege hasta 10 veces el L\u00edmite de Exposici\u00f3n Permitido (PEL) con respiradores de media cara o 50 veces el PEL con respiradores de cara completa<\/li>\n<li>El dise\u00f1o de esos cartuchos le atribuyen una mejor distribuci\u00f3n del peso unido a la pieza facial, con lo que<br \/>\nse incremente su comodidad.<\/li>\n<li>La construcci\u00f3n de la base del cartucho permite la distribuci\u00f3n del aire a trav\u00e9s de toda la superficie de las<br \/>\ncapas de carbono, de tal forma que este se gasta uniformemente y a la vez alarga la vida util de cartucho<\/li>\n<li>En el caso que en el \u00e1rea est\u00e9n presentes contaminantes en forma de part\u00edculas, deber\u00e1 utilizarse un retenedor con filtro adecuado<\/li>\n<li>Guarde sus cartuchos en un lugar apartado de \u00e1reas de contaminadas cuando no lo use.<\/li>\n<\/ul>\n","protected":false},"excerpt":{"rendered":"<p><strong>Cartucho 3M 6001<\/strong>\u00a0para vapores org\u00e1nicos\u00a0<strong>aprobado por NIOSH\/MSHA<\/strong>.\u00a0<strong>TC-23C-1062.<\/strong>\u00a0es un elemento de\u00a0<strong>seguridad industrial<\/strong>\u00a0que se encuentra aprobado para<strong>\u00a0protecci\u00f3n respiratoria<\/strong>\u00a0contra no m\u00e1s de: 1000 p.p.m. de vapores org\u00e1nicos.<\/p>\n","protected":false},"featured_media":2432,"comment_status":"open","ping_status":"closed","template":"","meta":{"site-sidebar-layout":"default","site-content-layout":"default","ast-main-header-display":"","ast-hfb-above-header-display":"","ast-hfb-below-header-display":"","ast-hfb-mobile-header-display":"","site-post-title":"","ast-breadcrumbs-content":"","ast-featured-img":"","footer-sml-layout":"","theme-transparent-header-meta":"default","adv-header-id-meta":"","stick-header-meta":"","header-above-stick-meta":"","header-main-stick-meta":"","header-below-stick-meta":""},"product_brand":[],"product_cat":[25],"product_tag":[],"class_list":{"0":"post-1327","1":"product","2":"type-product","3":"status-publish","4":"has-post-thumbnail","6":"product_cat-proteccion-respiratoria","8":"first","9":"instock","10":"shipping-taxable","11":"product-type-simple"},"_links":{"self":[{"href":"https:\/\/eyrsecurity.com\/index.php?rest_route=\/wp\/v2\/product\/1327","targetHints":{"allow":["GET"]}}],"collection":[{"href":"https:\/\/eyrsecurity.com\/index.php?rest_route=\/wp\/v2\/product"}],"about":[{"href":"https:\/\/eyrsecurity.com\/index.php?rest_route=\/wp\/v2\/types\/product"}],"replies":[{"embeddable":true,"href":"https:\/\/eyrsecurity.com\/index.php?rest_route=%2Fwp%2Fv2%2Fcomments&post=1327"}],"wp:featuredmedia":[{"embeddable":true,"href":"https:\/\/eyrsecurity.com\/index.php?rest_route=\/wp\/v2\/media\/2432"}],"wp:attachment":[{"href":"https:\/\/eyrsecurity.com\/index.php?rest_route=%2Fwp%2Fv2%2Fmedia&parent=1327"}],"wp:term":[{"taxonomy":"product_brand","embeddable":true,"href":"https:\/\/eyrsecurity.com\/index.php?rest_route=%2Fwp%2Fv2%2Fproduct_brand&post=1327"},{"taxonomy":"product_cat","embeddable":true,"href":"https:\/\/eyrsecurity.com\/index.php?rest_route=%2Fwp%2Fv2%2Fproduct_cat&post=1327"},{"taxonomy":"product_tag","embeddable":true,"href":"https:\/\/eyrsecurity.com\/index.php?rest_route=%2Fwp%2Fv2%2Fproduct_tag&post=1327"}],"curies":[{"name":"wp","href":"https:\/\/api.w.org\/{rel}","templated":true}]}}