{"id":1326,"date":"2021-10-18T05:41:45","date_gmt":"2021-10-18T05:41:45","guid":{"rendered":"https:\/\/eyrsecurity.com\/?post_type=product&#038;p=1326"},"modified":"2021-10-25T01:01:23","modified_gmt":"2021-10-25T01:01:23","slug":"mascara-3m-6800-full-face","status":"publish","type":"product","link":"https:\/\/eyrsecurity.com\/?product=mascara-3m-6800-full-face","title":{"rendered":"MASCARA 3M 6800 FULL FACE"},"content":{"rendered":"<p><strong>Mascara 3M 6800 Full Face,\u00a0<\/strong>es un elemento que brinda\u00a0<strong>proteccion respiratoria,\u00a0\u00a0<\/strong><strong>visual y facial<\/strong>\u00a0liviano para su uso durante largas jornadas.<strong>\u00a0<\/strong><\/p>\n<p>El campo de visi\u00f3n ofrece mejor visibilidad, gran resistencia a las rayaduras y quimicos. Posee una v\u00e1lvula de exhalaci\u00f3n vertical \u201c<a href=\"https:\/\/multimedia.3m.com\/mws\/media\/757113O\/3m-cool-flow-valve-8000-series-respirators.pdf\">cool flow<\/a>\u201d para facilitar la respiraci\u00f3n. Disponible en tres tama\u00f1os: peque\u00f1o, mediano y grande.<\/p>\n<ul>\n<li>Equipo liviano y bien balanceado gracias al arn\u00e9s de cuatro puntos de apoyo, que da mayor comodidad<br \/>\ndurante el tiempo de uso.<\/li>\n<li>Sistema flexible: filtros para ciertos gases, vapores y part\u00edculas (polvos, neblinas, humos met\u00e1licos) y<br \/>\nsuministro de aire.<\/li>\n<li>Adaptador \u00fanico central: direcciona la exhalaci\u00f3n hacia abajo en el mismo sentido de la respiraci\u00f3n, ayudando a reducir la acumulaci\u00f3n de polvo en el \u00e1rea de la v\u00e1lvula.<\/li>\n<li>V\u00e1lvula de exhalaci\u00f3n Cool FlowTM, ayuda a una respiraci\u00f3n m\u00e1s c\u00f3moda, fresca y seca.<\/li>\n<li>Pieza facial de caucho de silicona.<\/li>\n<li>Facilidad de uso.<\/li>\n<li>Amplio campo de visi\u00f3n. Pantalla resistente a sustancias qu\u00edmicas y al rayado. Viene con un film<br \/>\nprotector del visor.<\/li>\n<li>3 tama\u00f1os (6700-peque\u00f1o, 6800-mediano, 6900- grande).<\/li>\n<li>Mantenimiento m\u00ednimo, economiza tiempo y reduce inventario de repuestos<\/li>\n<li>Disponibilidad de kit de gafas<\/li>\n<\/ul>\n<h4>APROBACI\u00d3N<\/h4>\n<p>La m\u00e1scara de cara completa 3M Serie 6000, tiene aprobaci\u00f3n del NIOSH (Instituto Nacional de seguridad y Salud Ocupacional de EEUU), de acuerdo a las combinaciones de filtros, cartuchos y equipo de suministro de aire considerados.<\/p>\n<h4>MATERIALES<\/h4>\n<ul>\n<li>Color: gris<\/li>\n<li>Pieza facial: caucho de silicona<\/li>\n<li>Bandas ajustables: caucho de silicona<\/li>\n<li>V\u00e1vulas de inhalaci\u00f3n: caucho natural<\/li>\n<li>V\u00e1lvulas de exhalaci\u00f3n:caucho de silicona<\/li>\n<li>Juntas: caucho<\/li>\n<li>Carcasa de los filtros Serie 6000: poliestireno<\/li>\n<li>Material filtrante Serie 6000: carb\u00f3n activado tratado<\/li>\n<li>Material filtante filtros Serie 2000 y 5N11: polipropileno<\/li>\n<li>Visor: policarbonato<\/li>\n<li>Peso m\u00e1ximo del producto con filtros: 678 gramos.<\/li>\n<\/ul>\n","protected":false},"excerpt":{"rendered":"<p><strong>Mascara 3M 6800 Full Face\u00a0\u00a0<\/strong>es un elemento que brinda\u00a0<strong>proteccion respiratoria,\u00a0\u00a0<\/strong><strong>visual y facial<\/strong>\u00a0liviano para su uso durante largas jornadas.<strong>\u00a0<\/strong><\/p>\n<p>El campo de visi\u00f3n ofrece mejor visibilidad, gran resistencia a las rayaduras y quimicos. Posee una v\u00e1lvula de exhalaci\u00f3n vertical \u201ccool flow\u201d para facilitar la respiraci\u00f3n. Disponible en tres tama\u00f1os: peque\u00f1o, mediano y grande.<\/p>\n","protected":false},"featured_media":2506,"comment_status":"open","ping_status":"closed","template":"","meta":{"site-sidebar-layout":"default","site-content-layout":"default","ast-main-header-display":"","ast-hfb-above-header-display":"","ast-hfb-below-header-display":"","ast-hfb-mobile-header-display":"","site-post-title":"","ast-breadcrumbs-content":"","ast-featured-img":"","footer-sml-layout":"","theme-transparent-header-meta":"default","adv-header-id-meta":"","stick-header-meta":"","header-above-stick-meta":"","header-main-stick-meta":"","header-below-stick-meta":""},"product_brand":[],"product_cat":[24,25],"product_tag":[],"class_list":{"0":"post-1326","1":"product","2":"type-product","3":"status-publish","4":"has-post-thumbnail","6":"product_cat-bioseguridad-e-higiene","7":"product_cat-proteccion-respiratoria","9":"first","10":"instock","11":"shipping-taxable","12":"product-type-simple"},"_links":{"self":[{"href":"https:\/\/eyrsecurity.com\/index.php?rest_route=\/wp\/v2\/product\/1326","targetHints":{"allow":["GET"]}}],"collection":[{"href":"https:\/\/eyrsecurity.com\/index.php?rest_route=\/wp\/v2\/product"}],"about":[{"href":"https:\/\/eyrsecurity.com\/index.php?rest_route=\/wp\/v2\/types\/product"}],"replies":[{"embeddable":true,"href":"https:\/\/eyrsecurity.com\/index.php?rest_route=%2Fwp%2Fv2%2Fcomments&post=1326"}],"wp:featuredmedia":[{"embeddable":true,"href":"https:\/\/eyrsecurity.com\/index.php?rest_route=\/wp\/v2\/media\/2506"}],"wp:attachment":[{"href":"https:\/\/eyrsecurity.com\/index.php?rest_route=%2Fwp%2Fv2%2Fmedia&parent=1326"}],"wp:term":[{"taxonomy":"product_brand","embeddable":true,"href":"https:\/\/eyrsecurity.com\/index.php?rest_route=%2Fwp%2Fv2%2Fproduct_brand&post=1326"},{"taxonomy":"product_cat","embeddable":true,"href":"https:\/\/eyrsecurity.com\/index.php?rest_route=%2Fwp%2Fv2%2Fproduct_cat&post=1326"},{"taxonomy":"product_tag","embeddable":true,"href":"https:\/\/eyrsecurity.com\/index.php?rest_route=%2Fwp%2Fv2%2Fproduct_tag&post=1326"}],"curies":[{"name":"wp","href":"https:\/\/api.w.org\/{rel}","templated":true}]}}