{"id":1325,"date":"2021-10-18T05:41:45","date_gmt":"2021-10-18T05:41:45","guid":{"rendered":"https:\/\/eyrsecurity.com\/?post_type=product&#038;p=1325"},"modified":"2021-10-25T01:00:45","modified_gmt":"2021-10-25T01:00:45","slug":"respirador-mascarilla-3m-7502","status":"publish","type":"product","link":"https:\/\/eyrsecurity.com\/?product=respirador-mascarilla-3m-7502","title":{"rendered":"RESPIRADOR \u2013 MASCARILLA 3M 7502"},"content":{"rendered":"<ul>\n<li>Respirador \u2013 Mascarilla 3m 7502 La pieza en silicona,ofrece una protecci\u00f3n c\u00f3moda y duradera.<\/li>\n<li>El respirador de media cara 3M se puede utilizar con cartuchos y filtros de la l\u00ednea 6000 y<br \/>\n2000 ( ver tabla), ofrece protecci\u00f3n en variadas de aplicaciones.<\/li>\n<li>El dise\u00f1o de bajo perfil de la pieza facial, permite una mejor visibilidad, disminuye la fatiga del usuario.<\/li>\n<li>Ademas de utilizarse con los cartuchos de la l\u00ednea 6000, filtros de la l\u00ednea 2000 tambien puede utilizarse con el eqipo de l\u00ednea de aire de flujo cont\u00ednuo.<\/li>\n<li>El dise\u00f1o de v\u00e1lvula de exhalaci\u00f3n que permite adem\u00e1s de una r\u00e1pida salida del aire caliente, una f\u00e1cil comunicci\u00f3n.<\/li>\n<li>Cumple con las aprobaciones NIOSH\/MSHA<\/li>\n<\/ul>\n","protected":false},"excerpt":{"rendered":"<p><strong>Semim\u00e1scara 3M 7502 Silicona<\/strong>\u00a0es un\u00a0<strong>elemento de seguridad<\/strong>\u00a0reutilizable fabricado con material de silicona para proveer mayor\u00a0<strong>protecci\u00f3n respiratoria<\/strong>. Brinda mayor confort y durabilidad. Presenta una\u00a0<strong>v\u00e1lvula\u00a03M\u2122 Cool Flow\u2122\u00a0<\/strong>que facilita la respiraci\u00f3n y reduce notablemente el calor y la humedad. Posee un arn\u00e9s para cabeza con modo dual para modo est\u00e1ndar o hacia abajo.<\/p>\n","protected":false},"featured_media":2508,"comment_status":"open","ping_status":"closed","template":"","meta":{"site-sidebar-layout":"default","site-content-layout":"default","ast-main-header-display":"","ast-hfb-above-header-display":"","ast-hfb-below-header-display":"","ast-hfb-mobile-header-display":"","site-post-title":"","ast-breadcrumbs-content":"","ast-featured-img":"","footer-sml-layout":"","theme-transparent-header-meta":"default","adv-header-id-meta":"","stick-header-meta":"","header-above-stick-meta":"","header-main-stick-meta":"","header-below-stick-meta":""},"product_brand":[],"product_cat":[24,25],"product_tag":[],"class_list":{"0":"post-1325","1":"product","2":"type-product","3":"status-publish","4":"has-post-thumbnail","6":"product_cat-bioseguridad-e-higiene","7":"product_cat-proteccion-respiratoria","9":"first","10":"instock","11":"shipping-taxable","12":"product-type-simple"},"_links":{"self":[{"href":"https:\/\/eyrsecurity.com\/index.php?rest_route=\/wp\/v2\/product\/1325","targetHints":{"allow":["GET"]}}],"collection":[{"href":"https:\/\/eyrsecurity.com\/index.php?rest_route=\/wp\/v2\/product"}],"about":[{"href":"https:\/\/eyrsecurity.com\/index.php?rest_route=\/wp\/v2\/types\/product"}],"replies":[{"embeddable":true,"href":"https:\/\/eyrsecurity.com\/index.php?rest_route=%2Fwp%2Fv2%2Fcomments&post=1325"}],"wp:featuredmedia":[{"embeddable":true,"href":"https:\/\/eyrsecurity.com\/index.php?rest_route=\/wp\/v2\/media\/2508"}],"wp:attachment":[{"href":"https:\/\/eyrsecurity.com\/index.php?rest_route=%2Fwp%2Fv2%2Fmedia&parent=1325"}],"wp:term":[{"taxonomy":"product_brand","embeddable":true,"href":"https:\/\/eyrsecurity.com\/index.php?rest_route=%2Fwp%2Fv2%2Fproduct_brand&post=1325"},{"taxonomy":"product_cat","embeddable":true,"href":"https:\/\/eyrsecurity.com\/index.php?rest_route=%2Fwp%2Fv2%2Fproduct_cat&post=1325"},{"taxonomy":"product_tag","embeddable":true,"href":"https:\/\/eyrsecurity.com\/index.php?rest_route=%2Fwp%2Fv2%2Fproduct_tag&post=1325"}],"curies":[{"name":"wp","href":"https:\/\/api.w.org\/{rel}","templated":true}]}}