{"id":1324,"date":"2021-10-18T05:41:45","date_gmt":"2021-10-18T05:41:45","guid":{"rendered":"https:\/\/eyrsecurity.com\/?post_type=product&#038;p=1324"},"modified":"2021-10-25T00:59:33","modified_gmt":"2021-10-25T00:59:33","slug":"respirador-mascarilla-3m-6200","status":"publish","type":"product","link":"https:\/\/eyrsecurity.com\/?product=respirador-mascarilla-3m-6200","title":{"rendered":"RESPIRADOR \u2013 MASCARILLA 3M 6200"},"content":{"rendered":"<h4 class=\"title-tab\">Descripci\u00f3n<\/h4>\n<p>Respirador \u2013 Mascarilla 3M 6200, pieza facial de media cara doble cartucho, ofrece la posibilidad de usar filtros y cartuchos reemplazables para protecci\u00f3n contra ciertos gases, vapores y material particulado como polvo, neblina y humos.<\/p>\n<p><strong>Composici\u00f3n<\/strong><\/p>\n<ul>\n<li>Pieza facial en material el\u00e1stom\u00e9rico<\/li>\n<li>Repuestos:<\/li>\n<li>Arn\u00e9s<\/li>\n<li>V\u00e1lvulas de exhalaci\u00f3n<\/li>\n<li>V\u00e1lvulas de inhalalci\u00f3n<\/li>\n<li>Empaque v\u00e1lvula<\/li>\n<\/ul>\n<p><strong>Especificaciones<\/strong><\/p>\n<ul>\n<li>El material elastom\u00e9rico es suave para la piel del usuario, reduce la posibilidad de irritaci\u00f3n en la piel.<\/li>\n<li>Amplio rango de protecci\u00f3n en una variedad de aplicaciones, pues la pieza facila se puede utilizar con cartuchos L\u00ednea 6000 y filtros de la l\u00ednea 2000.<\/li>\n<li>Ofrece comodidad al usuario, especialmente durante tiempo de uso prologando por su dise\u00f1o liviano y bien balanceado, puesto que permite una apropiada distribuci\u00f3n del peso del respirador y los cartuchos.<\/li>\n<li>Ajuste adecuado para una gran variedad de rostros, debido a que est\u00e1 disponible en tallas: peque\u00f1a (6100), mediana (6200) y grande(6300),<\/li>\n<li>Compatible con los filtros de la L\u00ednea 2000, combinaci\u00f3n liviana y c\u00f3moda, cuando se requiere protecci\u00f3n contra material particulado y niveles molestos de gase y\/o vapores.<\/li>\n<li>R\u00e1pida y f\u00e1cil colocaci\u00f3n de los cartuchos y los filtros por el dise\u00f1o de ajuste bayotena , que elimina el uso de retenedor.<\/li>\n<li>Facil mantenimiento y reducci\u00f3n del n\u00edmero de respuestos, por su dise\u00f1o compacto<\/li>\n<li>Dise\u00f1o de bajo perfil, mayor visibilidad al usuario<\/li>\n<li>Aprobaciones NIOSH\/MSHA para todas las combinaciones de cartuchos l\u00ednea 6000 y pre-filtros y los filtros de la l\u00ednea 2000.<\/li>\n<\/ul>\n","protected":false},"excerpt":{"rendered":"<p>Respirador \u2013 Mascarilla 3M 6200, es un\u00a0<strong>elemento de proteccion respiratoria\u00a0<\/strong>confeccionado con<strong>polimero sintetico<\/strong>\u00a0para la pieza facial y bandas elasticas en elast\u00f3mero suave y ligero,<strong>\u00a0<\/strong>con filtro de bajo mantenimiento, liviano, c\u00f3modo y f\u00e1cil de usar. Presenta un dise\u00f1o que proporciona un ajuste equilibrado y mayor campo de visi\u00f3n. Las v\u00e1lvulas de exhalaci\u00f3n e inhalaci\u00f3n extra grandes permiten tener una menor resistencia a la respiraci\u00f3n.<\/p>\n","protected":false},"featured_media":2501,"comment_status":"open","ping_status":"closed","template":"","meta":{"site-sidebar-layout":"default","site-content-layout":"default","ast-main-header-display":"","ast-hfb-above-header-display":"","ast-hfb-below-header-display":"","ast-hfb-mobile-header-display":"","site-post-title":"","ast-breadcrumbs-content":"","ast-featured-img":"","footer-sml-layout":"","theme-transparent-header-meta":"default","adv-header-id-meta":"","stick-header-meta":"","header-above-stick-meta":"","header-main-stick-meta":"","header-below-stick-meta":""},"product_brand":[],"product_cat":[24,25],"product_tag":[],"class_list":{"0":"post-1324","1":"product","2":"type-product","3":"status-publish","4":"has-post-thumbnail","6":"product_cat-bioseguridad-e-higiene","7":"product_cat-proteccion-respiratoria","9":"first","10":"instock","11":"shipping-taxable","12":"product-type-simple"},"_links":{"self":[{"href":"https:\/\/eyrsecurity.com\/index.php?rest_route=\/wp\/v2\/product\/1324","targetHints":{"allow":["GET"]}}],"collection":[{"href":"https:\/\/eyrsecurity.com\/index.php?rest_route=\/wp\/v2\/product"}],"about":[{"href":"https:\/\/eyrsecurity.com\/index.php?rest_route=\/wp\/v2\/types\/product"}],"replies":[{"embeddable":true,"href":"https:\/\/eyrsecurity.com\/index.php?rest_route=%2Fwp%2Fv2%2Fcomments&post=1324"}],"wp:featuredmedia":[{"embeddable":true,"href":"https:\/\/eyrsecurity.com\/index.php?rest_route=\/wp\/v2\/media\/2501"}],"wp:attachment":[{"href":"https:\/\/eyrsecurity.com\/index.php?rest_route=%2Fwp%2Fv2%2Fmedia&parent=1324"}],"wp:term":[{"taxonomy":"product_brand","embeddable":true,"href":"https:\/\/eyrsecurity.com\/index.php?rest_route=%2Fwp%2Fv2%2Fproduct_brand&post=1324"},{"taxonomy":"product_cat","embeddable":true,"href":"https:\/\/eyrsecurity.com\/index.php?rest_route=%2Fwp%2Fv2%2Fproduct_cat&post=1324"},{"taxonomy":"product_tag","embeddable":true,"href":"https:\/\/eyrsecurity.com\/index.php?rest_route=%2Fwp%2Fv2%2Fproduct_tag&post=1324"}],"curies":[{"name":"wp","href":"https:\/\/api.w.org\/{rel}","templated":true}]}}