{"id":1323,"date":"2021-10-18T05:41:45","date_gmt":"2021-10-18T05:41:45","guid":{"rendered":"https:\/\/eyrsecurity.com\/?post_type=product&#038;p=1323"},"modified":"2021-10-25T00:57:03","modified_gmt":"2021-10-25T00:57:03","slug":"mascarilla-3m-1860s","status":"publish","type":"product","link":"https:\/\/eyrsecurity.com\/?product=mascarilla-3m-1860s","title":{"rendered":"Mascarilla 3M 1860S"},"content":{"rendered":"<h4 class=\"title-tab\">Caracter\u00edsticas<\/h4>\n<ul>\n<li>Es resistente a los fluidos con el prop\u00f3sito de reducir la exposici\u00f3n a sangre y fluidos corporales para el personal al cuidado de la salud, por lo que puede ser utilizada en cirug\u00edas.<\/li>\n<li>No contiene componentes de l\u00e1tex o hule natural.<\/li>\n<li>Puede ser utilizado durante la administraci\u00f3n de f\u00e1rmacos a pacientes con SIDA<\/li>\n<li>Cuando se usa en forma correcta y en combinaci\u00f3n con protecci\u00f3n para los ojos cumple con el standard de OSHA para pat\u00f3genos en la sangre.<\/li>\n<li>Proporciona una excelente filtraci\u00f3n bacterial, protegiendo contra part\u00edculas generadas por el usuario.<\/li>\n<\/ul>\n","protected":false},"excerpt":{"rendered":"<p>El respirador para part\u00edculas y mascarilla quir\u00fargica 1860 de 3M posee una capa interior suave para mayor comodidad y debido a que es resistente a los fluidos, ayuda a reducir la exposici\u00f3n potencial de los usuarios a sangre y otros fluidos corporales.<\/p>\n","protected":false},"featured_media":2485,"comment_status":"open","ping_status":"closed","template":"","meta":{"site-sidebar-layout":"default","site-content-layout":"default","ast-main-header-display":"","ast-hfb-above-header-display":"","ast-hfb-below-header-display":"","ast-hfb-mobile-header-display":"","site-post-title":"","ast-breadcrumbs-content":"","ast-featured-img":"","footer-sml-layout":"","theme-transparent-header-meta":"default","adv-header-id-meta":"","stick-header-meta":"","header-above-stick-meta":"","header-main-stick-meta":"","header-below-stick-meta":""},"product_brand":[],"product_cat":[24,25],"product_tag":[],"class_list":{"0":"post-1323","1":"product","2":"type-product","3":"status-publish","4":"has-post-thumbnail","6":"product_cat-bioseguridad-e-higiene","7":"product_cat-proteccion-respiratoria","9":"first","10":"instock","11":"shipping-taxable","12":"product-type-simple"},"_links":{"self":[{"href":"https:\/\/eyrsecurity.com\/index.php?rest_route=\/wp\/v2\/product\/1323","targetHints":{"allow":["GET"]}}],"collection":[{"href":"https:\/\/eyrsecurity.com\/index.php?rest_route=\/wp\/v2\/product"}],"about":[{"href":"https:\/\/eyrsecurity.com\/index.php?rest_route=\/wp\/v2\/types\/product"}],"replies":[{"embeddable":true,"href":"https:\/\/eyrsecurity.com\/index.php?rest_route=%2Fwp%2Fv2%2Fcomments&post=1323"}],"wp:featuredmedia":[{"embeddable":true,"href":"https:\/\/eyrsecurity.com\/index.php?rest_route=\/wp\/v2\/media\/2485"}],"wp:attachment":[{"href":"https:\/\/eyrsecurity.com\/index.php?rest_route=%2Fwp%2Fv2%2Fmedia&parent=1323"}],"wp:term":[{"taxonomy":"product_brand","embeddable":true,"href":"https:\/\/eyrsecurity.com\/index.php?rest_route=%2Fwp%2Fv2%2Fproduct_brand&post=1323"},{"taxonomy":"product_cat","embeddable":true,"href":"https:\/\/eyrsecurity.com\/index.php?rest_route=%2Fwp%2Fv2%2Fproduct_cat&post=1323"},{"taxonomy":"product_tag","embeddable":true,"href":"https:\/\/eyrsecurity.com\/index.php?rest_route=%2Fwp%2Fv2%2Fproduct_tag&post=1323"}],"curies":[{"name":"wp","href":"https:\/\/api.w.org\/{rel}","templated":true}]}}