{"id":1320,"date":"2021-10-18T05:41:45","date_gmt":"2021-10-18T05:41:45","guid":{"rendered":"https:\/\/eyrsecurity.com\/?post_type=product&#038;p=1320"},"modified":"2021-10-25T00:53:44","modified_gmt":"2021-10-25T00:53:44","slug":"respirador-para-particulas-con-valvula-ov-ag-n95-1745-libus","status":"publish","type":"product","link":"https:\/\/eyrsecurity.com\/?product=respirador-para-particulas-con-valvula-ov-ag-n95-1745-libus","title":{"rendered":"RESPIRADOR PARA PART\u00cdCULAS CON V\u00c1LVULA OV\/AG N95 \u2013 1745 LIBUS"},"content":{"rendered":"","protected":false},"excerpt":{"rendered":"<h4>Caracter\u00edsticas<\/h4>\n<p><strong>\u2713\u00a0<\/strong>Combinable con otros EPP, incluyendo protecci\u00f3n ocular y auditiva.<br \/>\n<strong>\u2713\u00a0<\/strong>Clip nasal met\u00e1lico con almohadilla espuma interior: Permite un ajuste personalizado y confortable.<br \/>\n<strong>\u2713\u00a0<\/strong>Banda el\u00e1stica libre de l\u00e1tex.<br \/>\n<strong>\u2713\u00a0<\/strong>Soldadura por ultrasonido: Evita posibles reacciones cut\u00e1neas y molestias al clip met\u00e1lico.<br \/>\n<strong>\u2713\u00a0<\/strong>Medio filtrante cargando electrost\u00e1ticamente para optimizar su eficiencia.<br \/>\n<strong>\u2713\u00a0<\/strong>V\u00e1lvula de exhalaci\u00f3n Comfort \u2013 Maxx TM: Maximiza la expulsi\u00f3n del aire caliente y h\u00famedo<br \/>\noptimizando el confort.<br \/>\n<strong>\u2713\u00a0<\/strong>Dise\u00f1o tradicional estilo copa.<br \/>\n<strong>\u2713\u00a0<\/strong>Fabricados en doble capa resistente al aplastamiento.<br \/>\n<strong>\u2713\u00a0<\/strong>Durabilidad en ambientes c\u00e1lidos y h\u00famedos.<br \/>\n<strong>\u2713\u00a0<\/strong>Aprobaci\u00f3n NIOSH N95 Efectivo contra part\u00edculas libres de aceite. Incluye capa de carb\u00f3n<br \/>\nactivo que ayuda a filtrar niveles molestos de Vapores Org\u00e1nicos, Olores, Gases \u00e1cidos y Ozono.<\/p>\n","protected":false},"featured_media":2457,"comment_status":"open","ping_status":"closed","template":"","meta":{"site-sidebar-layout":"default","site-content-layout":"default","ast-main-header-display":"","ast-hfb-above-header-display":"","ast-hfb-below-header-display":"","ast-hfb-mobile-header-display":"","site-post-title":"","ast-breadcrumbs-content":"","ast-featured-img":"","footer-sml-layout":"","theme-transparent-header-meta":"default","adv-header-id-meta":"","stick-header-meta":"","header-above-stick-meta":"","header-main-stick-meta":"","header-below-stick-meta":""},"product_brand":[],"product_cat":[24,25],"product_tag":[],"class_list":{"0":"post-1320","1":"product","2":"type-product","3":"status-publish","4":"has-post-thumbnail","6":"product_cat-bioseguridad-e-higiene","7":"product_cat-proteccion-respiratoria","9":"first","10":"instock","11":"shipping-taxable","12":"product-type-simple"},"_links":{"self":[{"href":"https:\/\/eyrsecurity.com\/index.php?rest_route=\/wp\/v2\/product\/1320","targetHints":{"allow":["GET"]}}],"collection":[{"href":"https:\/\/eyrsecurity.com\/index.php?rest_route=\/wp\/v2\/product"}],"about":[{"href":"https:\/\/eyrsecurity.com\/index.php?rest_route=\/wp\/v2\/types\/product"}],"replies":[{"embeddable":true,"href":"https:\/\/eyrsecurity.com\/index.php?rest_route=%2Fwp%2Fv2%2Fcomments&post=1320"}],"wp:featuredmedia":[{"embeddable":true,"href":"https:\/\/eyrsecurity.com\/index.php?rest_route=\/wp\/v2\/media\/2457"}],"wp:attachment":[{"href":"https:\/\/eyrsecurity.com\/index.php?rest_route=%2Fwp%2Fv2%2Fmedia&parent=1320"}],"wp:term":[{"taxonomy":"product_brand","embeddable":true,"href":"https:\/\/eyrsecurity.com\/index.php?rest_route=%2Fwp%2Fv2%2Fproduct_brand&post=1320"},{"taxonomy":"product_cat","embeddable":true,"href":"https:\/\/eyrsecurity.com\/index.php?rest_route=%2Fwp%2Fv2%2Fproduct_cat&post=1320"},{"taxonomy":"product_tag","embeddable":true,"href":"https:\/\/eyrsecurity.com\/index.php?rest_route=%2Fwp%2Fv2%2Fproduct_tag&post=1320"}],"curies":[{"name":"wp","href":"https:\/\/api.w.org\/{rel}","templated":true}]}}