{"id":1319,"date":"2021-10-18T05:41:45","date_gmt":"2021-10-18T05:41:45","guid":{"rendered":"https:\/\/eyrsecurity.com\/?post_type=product&#038;p=1319"},"modified":"2021-10-25T00:53:08","modified_gmt":"2021-10-25T00:53:08","slug":"respirador-para-particulas-n95-1730-libus","status":"publish","type":"product","link":"https:\/\/eyrsecurity.com\/?product=respirador-para-particulas-n95-1730-libus","title":{"rendered":"RESPIRADOR PARA PART\u00cdCULAS N95 \u2013 1730 LIBUS"},"content":{"rendered":"","protected":false},"excerpt":{"rendered":"<h4>Caracter\u00edsticas<\/h4>\n<p><strong><span data-mce-mark=\"1\">\u2713<\/span>\u00a0<\/strong>Mascarilla tradicional estilo copa.<br \/>\n<strong><span data-mce-mark=\"1\">\u2713<\/span>\u00a0<\/strong>Descartable.<br \/>\n<strong><span data-mce-mark=\"1\">\u2713<\/span>\u00a0<\/strong>Fabricados en doble capa de alta calidad.<br \/>\n<strong><span data-mce-mark=\"1\">\u2713<\/span>\u00a0<\/strong>Resistente al aplastamiento.<br \/>\n<strong><span data-mce-mark=\"1\">\u2713<\/span>\u00a0<\/strong>Durabilidad en ambientes c\u00e1lidos y h\u00famedos.<br \/>\n<strong><span data-mce-mark=\"1\">\u2713<\/span>\u00a0<\/strong>Clip nasal de f\u00e1cil ajuste con almohadilla espumada interior.<br \/>\n<strong><span data-mce-mark=\"1\">\u2713<\/span>\u00a0<\/strong>Combinable con otros equipos de seguridad, incluyendo la protecci\u00f3n ocular y auditiva.<\/p>\n<p>AJUSTE FACIAL: Banda el\u00e1stica fijada a la m\u00e1scara por ultrasonido y libre de l\u00e1tex.<br \/>\nSELLO FACIAL: Est\u00e1ndar contacto directo de la mascarilla.<br \/>\nEXHALACI\u00d3N: Directa.<\/p>\n<p>&nbsp;<\/p>\n","protected":false},"featured_media":2456,"comment_status":"open","ping_status":"closed","template":"","meta":{"site-sidebar-layout":"default","site-content-layout":"default","ast-main-header-display":"","ast-hfb-above-header-display":"","ast-hfb-below-header-display":"","ast-hfb-mobile-header-display":"","site-post-title":"","ast-breadcrumbs-content":"","ast-featured-img":"","footer-sml-layout":"","theme-transparent-header-meta":"default","adv-header-id-meta":"","stick-header-meta":"","header-above-stick-meta":"","header-main-stick-meta":"","header-below-stick-meta":""},"product_brand":[],"product_cat":[24,25],"product_tag":[],"class_list":{"0":"post-1319","1":"product","2":"type-product","3":"status-publish","4":"has-post-thumbnail","6":"product_cat-bioseguridad-e-higiene","7":"product_cat-proteccion-respiratoria","9":"first","10":"instock","11":"shipping-taxable","12":"product-type-simple"},"_links":{"self":[{"href":"https:\/\/eyrsecurity.com\/index.php?rest_route=\/wp\/v2\/product\/1319","targetHints":{"allow":["GET"]}}],"collection":[{"href":"https:\/\/eyrsecurity.com\/index.php?rest_route=\/wp\/v2\/product"}],"about":[{"href":"https:\/\/eyrsecurity.com\/index.php?rest_route=\/wp\/v2\/types\/product"}],"replies":[{"embeddable":true,"href":"https:\/\/eyrsecurity.com\/index.php?rest_route=%2Fwp%2Fv2%2Fcomments&post=1319"}],"wp:featuredmedia":[{"embeddable":true,"href":"https:\/\/eyrsecurity.com\/index.php?rest_route=\/wp\/v2\/media\/2456"}],"wp:attachment":[{"href":"https:\/\/eyrsecurity.com\/index.php?rest_route=%2Fwp%2Fv2%2Fmedia&parent=1319"}],"wp:term":[{"taxonomy":"product_brand","embeddable":true,"href":"https:\/\/eyrsecurity.com\/index.php?rest_route=%2Fwp%2Fv2%2Fproduct_brand&post=1319"},{"taxonomy":"product_cat","embeddable":true,"href":"https:\/\/eyrsecurity.com\/index.php?rest_route=%2Fwp%2Fv2%2Fproduct_cat&post=1319"},{"taxonomy":"product_tag","embeddable":true,"href":"https:\/\/eyrsecurity.com\/index.php?rest_route=%2Fwp%2Fv2%2Fproduct_tag&post=1319"}],"curies":[{"name":"wp","href":"https:\/\/api.w.org\/{rel}","templated":true}]}}