{"id":1316,"date":"2021-10-18T05:41:45","date_gmt":"2021-10-18T05:41:45","guid":{"rendered":"https:\/\/eyrsecurity.com\/?post_type=product&#038;p=1316"},"modified":"2022-01-21T05:29:23","modified_gmt":"2022-01-21T05:29:23","slug":"anteojos-eco-sport-libus","status":"publish","type":"product","link":"https:\/\/eyrsecurity.com\/?product=anteojos-eco-sport-libus","title":{"rendered":"ANTEOJOS ECO SPORT LIBUS"},"content":{"rendered":"","protected":false},"excerpt":{"rendered":"<h4>Caracter\u00edsticas<\/h4>\n<p><strong><span data-mce-mark=\"1\">\u2713<\/span>\u00a0<\/strong>Dise\u00f1ado para proteger el ojo contra golpes, impacto de part\u00edculas, polvo y chispas.<br \/>\n<strong><span data-mce-mark=\"1\">\u2713<\/span>\u00a0<\/strong>Protecci\u00f3n frontal y lateral.<br \/>\n<strong><span data-mce-mark=\"1\">\u2713<\/span>\u00a0<\/strong>Versi\u00f3n del anteojo ECO LINE en donde se reemplazan las patillas por una correa el\u00e1stica reforzada logrando una prestaci\u00f3n de antiparra.<br \/>\n<strong><span data-mce-mark=\"1\">\u2713<\/span>\u00a0<\/strong>Lente de policarbonato.<br \/>\n<strong><span data-mce-mark=\"1\">\u2713<\/span>\u00a0<\/strong>Filtro UV.<br \/>\n<strong><span data-mce-mark=\"1\">\u2713<\/span>\u00a0<\/strong>Soporte para correa el\u00e1stica de policarbonato.<br \/>\n<strong><span data-mce-mark=\"1\">\u2713<\/span>\u00a0<\/strong>Contorno del lente provisto de guarnici\u00f3n espumada soft para un calce agradable.<br \/>\n<strong><span data-mce-mark=\"1\">\u2713<\/span>\u00a0<\/strong>Correa ajustable en ambos lados mediante hebilla reguladora.<br \/>\n<strong><span data-mce-mark=\"1\">\u2713<\/span>\u00a0<\/strong>Apto, tambi\u00e9n, para actividades deportivas.<br \/>\n<strong><span data-mce-mark=\"1\">\u2713<\/span>\u00a0<\/strong>Tornillo de acero inoxidable.<\/p>\n<p><strong>TRATAMIENTOS DISPONIBLES<\/strong><\/p>\n<p>Anti-empa\u00f1o (AF)<\/p>\n","protected":false},"featured_media":2663,"comment_status":"open","ping_status":"closed","template":"","meta":{"site-sidebar-layout":"default","site-content-layout":"default","ast-main-header-display":"","ast-hfb-above-header-display":"","ast-hfb-below-header-display":"","ast-hfb-mobile-header-display":"","site-post-title":"","ast-breadcrumbs-content":"","ast-featured-img":"","footer-sml-layout":"","theme-transparent-header-meta":"default","adv-header-id-meta":"","stick-header-meta":"","header-above-stick-meta":"","header-main-stick-meta":"","header-below-stick-meta":""},"product_brand":[],"product_cat":[23],"product_tag":[],"class_list":{"0":"post-1316","1":"product","2":"type-product","3":"status-publish","4":"has-post-thumbnail","6":"product_cat-proteccion-visual-y-facial","8":"first","9":"instock","10":"shipping-taxable","11":"product-type-simple"},"_links":{"self":[{"href":"https:\/\/eyrsecurity.com\/index.php?rest_route=\/wp\/v2\/product\/1316","targetHints":{"allow":["GET"]}}],"collection":[{"href":"https:\/\/eyrsecurity.com\/index.php?rest_route=\/wp\/v2\/product"}],"about":[{"href":"https:\/\/eyrsecurity.com\/index.php?rest_route=\/wp\/v2\/types\/product"}],"replies":[{"embeddable":true,"href":"https:\/\/eyrsecurity.com\/index.php?rest_route=%2Fwp%2Fv2%2Fcomments&post=1316"}],"wp:featuredmedia":[{"embeddable":true,"href":"https:\/\/eyrsecurity.com\/index.php?rest_route=\/wp\/v2\/media\/2663"}],"wp:attachment":[{"href":"https:\/\/eyrsecurity.com\/index.php?rest_route=%2Fwp%2Fv2%2Fmedia&parent=1316"}],"wp:term":[{"taxonomy":"product_brand","embeddable":true,"href":"https:\/\/eyrsecurity.com\/index.php?rest_route=%2Fwp%2Fv2%2Fproduct_brand&post=1316"},{"taxonomy":"product_cat","embeddable":true,"href":"https:\/\/eyrsecurity.com\/index.php?rest_route=%2Fwp%2Fv2%2Fproduct_cat&post=1316"},{"taxonomy":"product_tag","embeddable":true,"href":"https:\/\/eyrsecurity.com\/index.php?rest_route=%2Fwp%2Fv2%2Fproduct_tag&post=1316"}],"curies":[{"name":"wp","href":"https:\/\/api.w.org\/{rel}","templated":true}]}}