{"id":1301,"date":"2021-10-18T05:41:43","date_gmt":"2021-10-18T05:41:43","guid":{"rendered":"https:\/\/eyrsecurity.com\/?post_type=product&#038;p=1301"},"modified":"2021-10-23T01:09:43","modified_gmt":"2021-10-23T01:09:43","slug":"protector-auricular-msa-hpe-para-acoplar-al-casco-nrr-27db","status":"publish","type":"product","link":"https:\/\/eyrsecurity.com\/?product=protector-auricular-msa-hpe-para-acoplar-al-casco-nrr-27db","title":{"rendered":"PROTECTOR AURICULAR MSA HPE PARA ACOPLAR AL CASCO (NRR 27dB)"},"content":{"rendered":"","protected":false},"excerpt":{"rendered":"<p>rejera MSA HPE 216752 Adaptable a Casco, dise\u00f1adas espec\u00edficamente para niveles de ruido muy altos, las poderosas orejeras modelo para casco son ideales para campos a\u00e9reos, plantas generadoras y otras \u00e1reas de ruido intenso. Las orejeras HPE modelo para casco proporcionan la m\u00e1s alta protecci\u00f3n que existe para ambientes de ruido de baja frecuencia. Una banda acojinada para la cabeza y cojinetes super suaves para o\u00eddos garantizan comodidad el d\u00eda entero y aseguran al mismo tiempo una protecci\u00f3n completa.<\/p>\n<ul>\n<li>El dise\u00f1o del resorte ofrece una baja presi\u00f3n y un alto nivel de confort.<\/li>\n<li>Tres posiciones distintas de uso<\/li>\n<li>F\u00e1cil ajuste de copas, incluso con guantes.<\/li>\n<li>Las orejeras MSA HPE son probadas por terceros de acuerdo con ANSI S3.19-1974 y cumplen con la clase A de CSA.<\/li>\n<\/ul>\n","protected":false},"featured_media":2176,"comment_status":"open","ping_status":"closed","template":"","meta":{"site-sidebar-layout":"default","site-content-layout":"default","ast-main-header-display":"","ast-hfb-above-header-display":"","ast-hfb-below-header-display":"","ast-hfb-mobile-header-display":"","site-post-title":"","ast-breadcrumbs-content":"","ast-featured-img":"","footer-sml-layout":"","theme-transparent-header-meta":"default","adv-header-id-meta":"","stick-header-meta":"","header-above-stick-meta":"","header-main-stick-meta":"","header-below-stick-meta":""},"product_brand":[],"product_cat":[22],"product_tag":[],"class_list":{"0":"post-1301","1":"product","2":"type-product","3":"status-publish","4":"has-post-thumbnail","6":"product_cat-proteccion-auditiva","8":"first","9":"instock","10":"shipping-taxable","11":"product-type-simple"},"_links":{"self":[{"href":"https:\/\/eyrsecurity.com\/index.php?rest_route=\/wp\/v2\/product\/1301","targetHints":{"allow":["GET"]}}],"collection":[{"href":"https:\/\/eyrsecurity.com\/index.php?rest_route=\/wp\/v2\/product"}],"about":[{"href":"https:\/\/eyrsecurity.com\/index.php?rest_route=\/wp\/v2\/types\/product"}],"replies":[{"embeddable":true,"href":"https:\/\/eyrsecurity.com\/index.php?rest_route=%2Fwp%2Fv2%2Fcomments&post=1301"}],"wp:featuredmedia":[{"embeddable":true,"href":"https:\/\/eyrsecurity.com\/index.php?rest_route=\/wp\/v2\/media\/2176"}],"wp:attachment":[{"href":"https:\/\/eyrsecurity.com\/index.php?rest_route=%2Fwp%2Fv2%2Fmedia&parent=1301"}],"wp:term":[{"taxonomy":"product_brand","embeddable":true,"href":"https:\/\/eyrsecurity.com\/index.php?rest_route=%2Fwp%2Fv2%2Fproduct_brand&post=1301"},{"taxonomy":"product_cat","embeddable":true,"href":"https:\/\/eyrsecurity.com\/index.php?rest_route=%2Fwp%2Fv2%2Fproduct_cat&post=1301"},{"taxonomy":"product_tag","embeddable":true,"href":"https:\/\/eyrsecurity.com\/index.php?rest_route=%2Fwp%2Fv2%2Fproduct_tag&post=1301"}],"curies":[{"name":"wp","href":"https:\/\/api.w.org\/{rel}","templated":true}]}}