{"id":1300,"date":"2021-10-18T05:41:42","date_gmt":"2021-10-18T05:41:42","guid":{"rendered":"https:\/\/eyrsecurity.com\/?post_type=product&#038;p=1300"},"modified":"2021-10-23T01:34:22","modified_gmt":"2021-10-23T01:34:22","slug":"protector-auditivo-msa-para-xls-216746-acoplar-al-casco","status":"publish","type":"product","link":"https:\/\/eyrsecurity.com\/?product=protector-auditivo-msa-para-xls-216746-acoplar-al-casco","title":{"rendered":"PROTECTOR AUDITIVO MSA PARA XLS 216746 ACOPLAR AL CASCO"},"content":{"rendered":"","protected":false},"excerpt":{"rendered":"<p>Orejera MSA XLS 216746 Adaptable a Casco, Orejeras XLS montadas en casco (NRR 23dB): dise\u00f1adas para adaptarse c\u00f3modamente debajo de los cascos y caretas de seguridad, \u00e9stas contienen cojinetes para o\u00eddos f\u00e1cilmente removibles para una limpieza y cambio f\u00e1ciles. Las orejeras XLS ofrecen protecci\u00f3n maxima en ambientes con ruido bajo o moderado.<\/p>\n<ul>\n<li>Sistema anclaje de dos puntos.<\/li>\n<li>Arn\u00e9s cabeza fijaci\u00f3n segura.<\/li>\n<li>Interior moldeado.<\/li>\n<\/ul>\n","protected":false},"featured_media":2177,"comment_status":"open","ping_status":"closed","template":"","meta":{"site-sidebar-layout":"default","site-content-layout":"default","ast-main-header-display":"","ast-hfb-above-header-display":"","ast-hfb-below-header-display":"","ast-hfb-mobile-header-display":"","site-post-title":"","ast-breadcrumbs-content":"","ast-featured-img":"","footer-sml-layout":"","theme-transparent-header-meta":"default","adv-header-id-meta":"","stick-header-meta":"","header-above-stick-meta":"","header-main-stick-meta":"","header-below-stick-meta":""},"product_brand":[],"product_cat":[22],"product_tag":[],"class_list":{"0":"post-1300","1":"product","2":"type-product","3":"status-publish","4":"has-post-thumbnail","6":"product_cat-proteccion-auditiva","8":"first","9":"instock","10":"shipping-taxable","11":"product-type-simple"},"_links":{"self":[{"href":"https:\/\/eyrsecurity.com\/index.php?rest_route=\/wp\/v2\/product\/1300","targetHints":{"allow":["GET"]}}],"collection":[{"href":"https:\/\/eyrsecurity.com\/index.php?rest_route=\/wp\/v2\/product"}],"about":[{"href":"https:\/\/eyrsecurity.com\/index.php?rest_route=\/wp\/v2\/types\/product"}],"replies":[{"embeddable":true,"href":"https:\/\/eyrsecurity.com\/index.php?rest_route=%2Fwp%2Fv2%2Fcomments&post=1300"}],"wp:featuredmedia":[{"embeddable":true,"href":"https:\/\/eyrsecurity.com\/index.php?rest_route=\/wp\/v2\/media\/2177"}],"wp:attachment":[{"href":"https:\/\/eyrsecurity.com\/index.php?rest_route=%2Fwp%2Fv2%2Fmedia&parent=1300"}],"wp:term":[{"taxonomy":"product_brand","embeddable":true,"href":"https:\/\/eyrsecurity.com\/index.php?rest_route=%2Fwp%2Fv2%2Fproduct_brand&post=1300"},{"taxonomy":"product_cat","embeddable":true,"href":"https:\/\/eyrsecurity.com\/index.php?rest_route=%2Fwp%2Fv2%2Fproduct_cat&post=1300"},{"taxonomy":"product_tag","embeddable":true,"href":"https:\/\/eyrsecurity.com\/index.php?rest_route=%2Fwp%2Fv2%2Fproduct_tag&post=1300"}],"curies":[{"name":"wp","href":"https:\/\/api.w.org\/{rel}","templated":true}]}}