{"id":1298,"date":"2021-10-18T05:41:42","date_gmt":"2021-10-18T05:41:42","guid":{"rendered":"https:\/\/eyrsecurity.com\/?post_type=product&#038;p=1298"},"modified":"2021-10-23T01:42:57","modified_gmt":"2021-10-23T01:42:57","slug":"orejera-3m-peltor-h10p3e-adaptable-al-casco","status":"publish","type":"product","link":"https:\/\/eyrsecurity.com\/?product=orejera-3m-peltor-h10p3e-adaptable-al-casco","title":{"rendered":"OREJERA 3M PELTOR H10P3E ADAPTABLE AL CASCO"},"content":{"rendered":"","protected":false},"excerpt":{"rendered":"<p>Orejera 3M Peltor H10P3E Adaptable a Casco 27dB est\u00e1n dise\u00f1ados para proveer efectiva protecci\u00f3n contra ruido cuando se usan de acuerdo con las instrucciones de colocaci\u00f3n y se aplican los criterios para la selecci\u00f3n de equipos de protecci\u00f3n auditiva.<\/p>\n<p>Las orejeras PELTOR modelo OPTIME son fabricadas con materiales hipoalerg\u00e9nicos y de muy bajo peso, brindando una efectiva e higi\u00e9nica protecci\u00f3n a los trabajadores que se desempe\u00f1an en \u00e1reas donde los niveles de ruido alcanzan hasta 105dB por jornada de trabajo.<\/p>\n<p>Arco de acero inoxidable con conector para la gran mayor\u00eda de cascos de seguridad.<br \/>\nLongitud ajustable de los brazos del arco; y copas pivotantes para mayor compatibilidad, seguridad y comodidad.<br \/>\nNRR: 27dB. Indicaci\u00f3n del m\u00e1ximo nivel de exposici\u00f3n de ruido (105dB) en las copas.<br \/>\nCopas de ABS; cubierta de almohadilla de PVC, y espuma de poliuretano.<\/p>\n<p><strong>APROBACIONES<\/strong><br \/>\nLas Orejeras Peltor cumplen con la norma ANSI S3.19-1974 sobre protecci\u00f3n de la audici\u00f3n.<\/p>\n<p><strong>USOS Y APLICACIONES<\/strong><br \/>\nEmpleables en gran n\u00famero de labores que puedan implicar el riesgo de presencia de ruido, y asimismo en condiciones en las que los trabajadores est\u00e9n expuestos a polvo, grasa u otro tipo de sustancias.<\/p>\n","protected":false},"featured_media":2171,"comment_status":"open","ping_status":"closed","template":"","meta":{"site-sidebar-layout":"default","site-content-layout":"default","ast-main-header-display":"","ast-hfb-above-header-display":"","ast-hfb-below-header-display":"","ast-hfb-mobile-header-display":"","site-post-title":"","ast-breadcrumbs-content":"","ast-featured-img":"","footer-sml-layout":"","theme-transparent-header-meta":"default","adv-header-id-meta":"","stick-header-meta":"","header-above-stick-meta":"","header-main-stick-meta":"","header-below-stick-meta":""},"product_brand":[],"product_cat":[22],"product_tag":[],"class_list":{"0":"post-1298","1":"product","2":"type-product","3":"status-publish","4":"has-post-thumbnail","6":"product_cat-proteccion-auditiva","8":"first","9":"instock","10":"shipping-taxable","11":"product-type-simple"},"_links":{"self":[{"href":"https:\/\/eyrsecurity.com\/index.php?rest_route=\/wp\/v2\/product\/1298","targetHints":{"allow":["GET"]}}],"collection":[{"href":"https:\/\/eyrsecurity.com\/index.php?rest_route=\/wp\/v2\/product"}],"about":[{"href":"https:\/\/eyrsecurity.com\/index.php?rest_route=\/wp\/v2\/types\/product"}],"replies":[{"embeddable":true,"href":"https:\/\/eyrsecurity.com\/index.php?rest_route=%2Fwp%2Fv2%2Fcomments&post=1298"}],"wp:featuredmedia":[{"embeddable":true,"href":"https:\/\/eyrsecurity.com\/index.php?rest_route=\/wp\/v2\/media\/2171"}],"wp:attachment":[{"href":"https:\/\/eyrsecurity.com\/index.php?rest_route=%2Fwp%2Fv2%2Fmedia&parent=1298"}],"wp:term":[{"taxonomy":"product_brand","embeddable":true,"href":"https:\/\/eyrsecurity.com\/index.php?rest_route=%2Fwp%2Fv2%2Fproduct_brand&post=1298"},{"taxonomy":"product_cat","embeddable":true,"href":"https:\/\/eyrsecurity.com\/index.php?rest_route=%2Fwp%2Fv2%2Fproduct_cat&post=1298"},{"taxonomy":"product_tag","embeddable":true,"href":"https:\/\/eyrsecurity.com\/index.php?rest_route=%2Fwp%2Fv2%2Fproduct_tag&post=1298"}],"curies":[{"name":"wp","href":"https:\/\/api.w.org\/{rel}","templated":true}]}}