{"id":1297,"date":"2021-10-18T05:41:42","date_gmt":"2021-10-18T05:41:42","guid":{"rendered":"https:\/\/eyrsecurity.com\/?post_type=product&#038;p=1297"},"modified":"2021-10-23T01:32:29","modified_gmt":"2021-10-23T01:32:29","slug":"orejera-3m-x4a-serie-x-con-banda-27db","status":"publish","type":"product","link":"https:\/\/eyrsecurity.com\/?product=orejera-3m-x4a-serie-x-con-banda-27db","title":{"rendered":"OREJERA 3M X4A SERIE X CON BANDA 27dB"},"content":{"rendered":"","protected":false},"excerpt":{"rendered":"<p>Orejera 3M X4A Serie X con Banda 27dB han sido fabricados para brindar una efectiva protecci\u00f3n a los trabajadores que se desempe\u00f1an en \u00e1reas donde los niveles de ruido superan los l\u00edmites establecidos, como por ejemplo, 85 dB(A) para exposiciones efectivas a ruido durante 8 hrs.<\/p>\n<p>Diadema elaborada de acero inoxidable con un recubrimiento de polipropileno que la convierte en una orejera diel\u00e9ctrica.<br \/>\nPermite una correcta presi\u00f3n sin comprometer la comodidad durante una larga jornada de trabajo.<br \/>\nOrejera ultra liviana recomendada para trabajos con altos ruidos.<br \/>\nCopa de bajo perfil dise\u00f1ada para mejorar la compatibilidad con otros EPPs.<br \/>\nSu dise\u00f1o mejora la atenuaci\u00f3n, sin aumentar el pero o tama\u00f1o de las copas.<br \/>\nAPROBACIONES<br \/>\nANSI S3.19-1974<br \/>\nNorma europea EN 352<\/p>\n","protected":false},"featured_media":2173,"comment_status":"open","ping_status":"closed","template":"","meta":{"site-sidebar-layout":"default","site-content-layout":"default","ast-main-header-display":"","ast-hfb-above-header-display":"","ast-hfb-below-header-display":"","ast-hfb-mobile-header-display":"","site-post-title":"","ast-breadcrumbs-content":"","ast-featured-img":"","footer-sml-layout":"","theme-transparent-header-meta":"default","adv-header-id-meta":"","stick-header-meta":"","header-above-stick-meta":"","header-main-stick-meta":"","header-below-stick-meta":""},"product_brand":[],"product_cat":[22],"product_tag":[],"class_list":{"0":"post-1297","1":"product","2":"type-product","3":"status-publish","4":"has-post-thumbnail","6":"product_cat-proteccion-auditiva","8":"first","9":"instock","10":"shipping-taxable","11":"product-type-simple"},"_links":{"self":[{"href":"https:\/\/eyrsecurity.com\/index.php?rest_route=\/wp\/v2\/product\/1297","targetHints":{"allow":["GET"]}}],"collection":[{"href":"https:\/\/eyrsecurity.com\/index.php?rest_route=\/wp\/v2\/product"}],"about":[{"href":"https:\/\/eyrsecurity.com\/index.php?rest_route=\/wp\/v2\/types\/product"}],"replies":[{"embeddable":true,"href":"https:\/\/eyrsecurity.com\/index.php?rest_route=%2Fwp%2Fv2%2Fcomments&post=1297"}],"wp:featuredmedia":[{"embeddable":true,"href":"https:\/\/eyrsecurity.com\/index.php?rest_route=\/wp\/v2\/media\/2173"}],"wp:attachment":[{"href":"https:\/\/eyrsecurity.com\/index.php?rest_route=%2Fwp%2Fv2%2Fmedia&parent=1297"}],"wp:term":[{"taxonomy":"product_brand","embeddable":true,"href":"https:\/\/eyrsecurity.com\/index.php?rest_route=%2Fwp%2Fv2%2Fproduct_brand&post=1297"},{"taxonomy":"product_cat","embeddable":true,"href":"https:\/\/eyrsecurity.com\/index.php?rest_route=%2Fwp%2Fv2%2Fproduct_cat&post=1297"},{"taxonomy":"product_tag","embeddable":true,"href":"https:\/\/eyrsecurity.com\/index.php?rest_route=%2Fwp%2Fv2%2Fproduct_tag&post=1297"}],"curies":[{"name":"wp","href":"https:\/\/api.w.org\/{rel}","templated":true}]}}