{"id":1294,"date":"2021-10-18T05:41:42","date_gmt":"2021-10-18T05:41:42","guid":{"rendered":"https:\/\/eyrsecurity.com\/?post_type=product&#038;p=1294"},"modified":"2021-10-23T01:17:54","modified_gmt":"2021-10-23T01:17:54","slug":"protector-auditivo-l-340-para-casco","status":"publish","type":"product","link":"https:\/\/eyrsecurity.com\/?product=protector-auditivo-l-340-para-casco","title":{"rendered":"PROTECTOR AUDITIVO L-340 PARA CASCO"},"content":{"rendered":"","protected":false},"excerpt":{"rendered":"<p>\u2713 Suministra protecci\u00f3n de manera no invasiva, aislando el o\u00eddo de la fuente de ruido.<br \/>\n\u2713 Se denominan normalmente protectores de copa.<br \/>\n\u2713 Dise\u00f1o ergon\u00f3mico y adaptable a la mayor\u00eda de los usuarios.<br \/>\n\u2713 Modelo Casco, Este modelo reemplaza la vincha por 2 horquillas con soporte giratorio:<br \/>\n\u2713 Permite montar cada copa en el anclaje del casco.<br \/>\n\u2713 Brinda 2 posiciones de trabajo: sobre la oreja o retirado de la misma.<br \/>\n\u2713 En posici\u00f3n de reposo la copa puede ser rotada 360\u00b0 para que el usuario la ubique donde no incomode.<br \/>\n\u2713 La regulaci\u00f3n de altura y rotaci\u00f3n de las copas es la misma que el modelo Vincha.<br \/>\n\u2713 Incluye el par de fichas adaptadoras para montaje en cascos de la l\u00ednea LIBUS.<br \/>\n\u2713 Kit de repuesto para todas la piezas recambiables: orejera y espumado interior de la copa (ver accesorios).<\/p>\n","protected":false},"featured_media":2152,"comment_status":"open","ping_status":"closed","template":"","meta":{"site-sidebar-layout":"default","site-content-layout":"default","ast-main-header-display":"","ast-hfb-above-header-display":"","ast-hfb-below-header-display":"","ast-hfb-mobile-header-display":"","site-post-title":"","ast-breadcrumbs-content":"","ast-featured-img":"","footer-sml-layout":"","theme-transparent-header-meta":"default","adv-header-id-meta":"","stick-header-meta":"","header-above-stick-meta":"","header-main-stick-meta":"","header-below-stick-meta":""},"product_brand":[],"product_cat":[22],"product_tag":[],"class_list":{"0":"post-1294","1":"product","2":"type-product","3":"status-publish","4":"has-post-thumbnail","6":"product_cat-proteccion-auditiva","8":"first","9":"instock","10":"shipping-taxable","11":"product-type-simple"},"_links":{"self":[{"href":"https:\/\/eyrsecurity.com\/index.php?rest_route=\/wp\/v2\/product\/1294","targetHints":{"allow":["GET"]}}],"collection":[{"href":"https:\/\/eyrsecurity.com\/index.php?rest_route=\/wp\/v2\/product"}],"about":[{"href":"https:\/\/eyrsecurity.com\/index.php?rest_route=\/wp\/v2\/types\/product"}],"replies":[{"embeddable":true,"href":"https:\/\/eyrsecurity.com\/index.php?rest_route=%2Fwp%2Fv2%2Fcomments&post=1294"}],"wp:featuredmedia":[{"embeddable":true,"href":"https:\/\/eyrsecurity.com\/index.php?rest_route=\/wp\/v2\/media\/2152"}],"wp:attachment":[{"href":"https:\/\/eyrsecurity.com\/index.php?rest_route=%2Fwp%2Fv2%2Fmedia&parent=1294"}],"wp:term":[{"taxonomy":"product_brand","embeddable":true,"href":"https:\/\/eyrsecurity.com\/index.php?rest_route=%2Fwp%2Fv2%2Fproduct_brand&post=1294"},{"taxonomy":"product_cat","embeddable":true,"href":"https:\/\/eyrsecurity.com\/index.php?rest_route=%2Fwp%2Fv2%2Fproduct_cat&post=1294"},{"taxonomy":"product_tag","embeddable":true,"href":"https:\/\/eyrsecurity.com\/index.php?rest_route=%2Fwp%2Fv2%2Fproduct_tag&post=1294"}],"curies":[{"name":"wp","href":"https:\/\/api.w.org\/{rel}","templated":true}]}}