{"id":1293,"date":"2021-10-18T05:41:42","date_gmt":"2021-10-18T05:41:42","guid":{"rendered":"https:\/\/eyrsecurity.com\/?post_type=product&#038;p=1293"},"modified":"2021-10-23T01:14:37","modified_gmt":"2021-10-23T01:14:37","slug":"protector-auditivo-l-340-libus","status":"publish","type":"product","link":"https:\/\/eyrsecurity.com\/?product=protector-auditivo-l-340-libus","title":{"rendered":"PROTECTOR AUDITIVO L-340 LIBUS"},"content":{"rendered":"<p><a href=\"https:\/\/cameimportaciones.com\/wp-content\/uploads\/2021\/05\/aduit900486.pdf\">Ficha T\u00e9cnica\u00a0<\/a><\/p>\n","protected":false},"excerpt":{"rendered":"<p><strong>\u2713<\/strong>\u00a0Suministra protecci\u00f3n de manera no invasiva, aislando el o\u00eddo de la fuente de ruido.<br \/>\n<strong>\u2713\u00a0<\/strong>Se denominan normalmente protectores de copa.<br \/>\n<strong>\u2713\u00a0<\/strong>Dise\u00f1o ergon\u00f3mico y adaptable a la mayor\u00eda de los usuarios.<br \/>\n<strong>\u2713\u00a0<\/strong>Modelo Vincha, Compuesto b\u00e1sicamente por 2 orejeras vinculadas por una vincha:<br \/>\n<strong>\u2713\u00a0<\/strong>Copa con orejera acolchada; confortable a\u00fan en jornadas prolongadas.<br \/>\n<strong>\u2713\u00a0<\/strong>Tama\u00f1o \u00fanico adaptable a cualquier usuario.<br \/>\n<strong>\u2713\u00a0<\/strong>Vincha con banda soft para un agradable calce a la cabeza.<br \/>\n<strong>\u2713\u00a0<\/strong>Sistema de anclaje lateral doble a la copa: equilibra la presi\u00f3n sobre la oreja y<br \/>\npermite una regulaci\u00f3n precisa de la altura, rotaci\u00f3n y \u00e1ngulo.<br \/>\n<strong>\u2713\u00a0<\/strong>Regulaci\u00f3n de altura multipunto.<br \/>\n<strong>\u2713\u00a0<\/strong>Orejera lavable.<br \/>\n<strong>\u2713\u00a0<\/strong>Incluye soporte para cintur\u00f3n. Permite llevar el protector en la cintura mientras<br \/>\nno se utiliza.<br \/>\n<strong>\u2713\u00a0<\/strong>Kit de repuesto para todas la piezas recambiables: orejera, banda soft de vincha<br \/>\ny espumado interior de la copa.<\/p>\n","protected":false},"featured_media":2150,"comment_status":"open","ping_status":"closed","template":"","meta":{"site-sidebar-layout":"default","site-content-layout":"default","ast-main-header-display":"","ast-hfb-above-header-display":"","ast-hfb-below-header-display":"","ast-hfb-mobile-header-display":"","site-post-title":"","ast-breadcrumbs-content":"","ast-featured-img":"","footer-sml-layout":"","theme-transparent-header-meta":"default","adv-header-id-meta":"","stick-header-meta":"","header-above-stick-meta":"","header-main-stick-meta":"","header-below-stick-meta":""},"product_brand":[],"product_cat":[22],"product_tag":[],"class_list":{"0":"post-1293","1":"product","2":"type-product","3":"status-publish","4":"has-post-thumbnail","6":"product_cat-proteccion-auditiva","8":"first","9":"instock","10":"shipping-taxable","11":"product-type-simple"},"_links":{"self":[{"href":"https:\/\/eyrsecurity.com\/index.php?rest_route=\/wp\/v2\/product\/1293","targetHints":{"allow":["GET"]}}],"collection":[{"href":"https:\/\/eyrsecurity.com\/index.php?rest_route=\/wp\/v2\/product"}],"about":[{"href":"https:\/\/eyrsecurity.com\/index.php?rest_route=\/wp\/v2\/types\/product"}],"replies":[{"embeddable":true,"href":"https:\/\/eyrsecurity.com\/index.php?rest_route=%2Fwp%2Fv2%2Fcomments&post=1293"}],"wp:featuredmedia":[{"embeddable":true,"href":"https:\/\/eyrsecurity.com\/index.php?rest_route=\/wp\/v2\/media\/2150"}],"wp:attachment":[{"href":"https:\/\/eyrsecurity.com\/index.php?rest_route=%2Fwp%2Fv2%2Fmedia&parent=1293"}],"wp:term":[{"taxonomy":"product_brand","embeddable":true,"href":"https:\/\/eyrsecurity.com\/index.php?rest_route=%2Fwp%2Fv2%2Fproduct_brand&post=1293"},{"taxonomy":"product_cat","embeddable":true,"href":"https:\/\/eyrsecurity.com\/index.php?rest_route=%2Fwp%2Fv2%2Fproduct_cat&post=1293"},{"taxonomy":"product_tag","embeddable":true,"href":"https:\/\/eyrsecurity.com\/index.php?rest_route=%2Fwp%2Fv2%2Fproduct_tag&post=1293"}],"curies":[{"name":"wp","href":"https:\/\/api.w.org\/{rel}","templated":true}]}}