{"id":1292,"date":"2021-10-18T05:41:42","date_gmt":"2021-10-18T05:41:42","guid":{"rendered":"https:\/\/eyrsecurity.com\/?post_type=product&#038;p=1292"},"modified":"2021-10-23T01:13:05","modified_gmt":"2021-10-23T01:13:05","slug":"protector-auditivo-l-320-para-casco-milenium","status":"publish","type":"product","link":"https:\/\/eyrsecurity.com\/?product=protector-auditivo-l-320-para-casco-milenium","title":{"rendered":"PROTECTOR AUDITIVO L-320 PARA CASCO MILENIUM"},"content":{"rendered":"","protected":false},"excerpt":{"rendered":"<p><strong>\u2713\u00a0<\/strong>Suministra protecci\u00f3n de manera no invasiva, aislando el o\u00eddo de la fuente de ruido.<br \/>\n<strong>\u2713\u00a0<\/strong>Se denominan normalmente protectores de copa.<br \/>\n<strong>\u2713\u00a0<\/strong>Dise\u00f1o ergon\u00f3mico y adaptable a la mayor\u00eda de los usuarios.<br \/>\n<strong>\u2713\u00a0<\/strong>Modelo Casco, Este modelo reemplaza la vincha por 2 horquillas con soporte giratorio:<br \/>\n<strong>\u2713\u00a0<\/strong>Permite montar cada copa en el anclaje del casco.<br \/>\n<strong>\u2713\u00a0<\/strong>Brinda 2 posiciones de trabajo: sobre la oreja o retirado de la misma.<br \/>\n<strong>\u2713\u00a0<\/strong>En posici\u00f3n de reposo la copa puede ser rotada 360\u00b0 para que el usuario la ubique<br \/>\ndonde no incomode.<br \/>\n<strong>\u2713\u00a0<\/strong>La regulaci\u00f3n de altura y rotaci\u00f3n de las copas es la misma que el modelo Vincha.<br \/>\n<strong>\u2713\u00a0<\/strong>Incluye el par de fichas adaptadoras para montaje en cascos de la l\u00ednea LIBUS.<br \/>\n<strong>\u2713\u00a0<\/strong>Kit de repuesto para todas la piezas recambiables: orejera y espumado interior<br \/>\nde la copa (ver accesorios).<\/p>\n","protected":false},"featured_media":2148,"comment_status":"open","ping_status":"closed","template":"","meta":{"site-sidebar-layout":"default","site-content-layout":"default","ast-main-header-display":"","ast-hfb-above-header-display":"","ast-hfb-below-header-display":"","ast-hfb-mobile-header-display":"","site-post-title":"","ast-breadcrumbs-content":"","ast-featured-img":"","footer-sml-layout":"","theme-transparent-header-meta":"default","adv-header-id-meta":"","stick-header-meta":"","header-above-stick-meta":"","header-main-stick-meta":"","header-below-stick-meta":""},"product_brand":[],"product_cat":[22],"product_tag":[],"class_list":{"0":"post-1292","1":"product","2":"type-product","3":"status-publish","4":"has-post-thumbnail","6":"product_cat-proteccion-auditiva","8":"first","9":"instock","10":"shipping-taxable","11":"product-type-simple"},"_links":{"self":[{"href":"https:\/\/eyrsecurity.com\/index.php?rest_route=\/wp\/v2\/product\/1292","targetHints":{"allow":["GET"]}}],"collection":[{"href":"https:\/\/eyrsecurity.com\/index.php?rest_route=\/wp\/v2\/product"}],"about":[{"href":"https:\/\/eyrsecurity.com\/index.php?rest_route=\/wp\/v2\/types\/product"}],"replies":[{"embeddable":true,"href":"https:\/\/eyrsecurity.com\/index.php?rest_route=%2Fwp%2Fv2%2Fcomments&post=1292"}],"wp:featuredmedia":[{"embeddable":true,"href":"https:\/\/eyrsecurity.com\/index.php?rest_route=\/wp\/v2\/media\/2148"}],"wp:attachment":[{"href":"https:\/\/eyrsecurity.com\/index.php?rest_route=%2Fwp%2Fv2%2Fmedia&parent=1292"}],"wp:term":[{"taxonomy":"product_brand","embeddable":true,"href":"https:\/\/eyrsecurity.com\/index.php?rest_route=%2Fwp%2Fv2%2Fproduct_brand&post=1292"},{"taxonomy":"product_cat","embeddable":true,"href":"https:\/\/eyrsecurity.com\/index.php?rest_route=%2Fwp%2Fv2%2Fproduct_cat&post=1292"},{"taxonomy":"product_tag","embeddable":true,"href":"https:\/\/eyrsecurity.com\/index.php?rest_route=%2Fwp%2Fv2%2Fproduct_tag&post=1292"}],"curies":[{"name":"wp","href":"https:\/\/api.w.org\/{rel}","templated":true}]}}