{"id":1286,"date":"2021-10-18T05:41:42","date_gmt":"2021-10-18T05:41:42","guid":{"rendered":"https:\/\/eyrsecurity.com\/?post_type=product&#038;p=1286"},"modified":"2021-10-18T06:43:10","modified_gmt":"2021-10-18T06:43:10","slug":"casco-de-3m-h-700","status":"publish","type":"product","link":"https:\/\/eyrsecurity.com\/?product=casco-de-3m-h-700","title":{"rendered":"CASCO DE 3M H-700"},"content":{"rendered":"<h3><strong>Caracter\u00edsticas<\/strong><\/h3>\n<ul>\n<li>Carcasa de polietileno de alta densidad.<\/li>\n<li>Liviano y de dise\u00f1o compacto.<\/li>\n<li>Visera peque\u00f1a para lograr una mejor visibilidad hacia arriba.<\/li>\n<li>Disponible en varios colores.<\/li>\n<li>Ranuras para accesorios que permiten la fijaci\u00f3n de protecci\u00f3n auditiva de copa para casco, protectores faciales, mentonera y caretas para soldadura con adaptador para casco.<\/li>\n<li>C\u00f3modo, suspensi\u00f3n de 4 puntos tipo est\u00e1ndar o a cremallera con altura regulable.<\/li>\n<li>Mentonera.<\/li>\n<li>Marca: 3M<\/li>\n<\/ul>\n","protected":false},"excerpt":{"rendered":"<p>Casco Tipo I, Clase E. Estructura de polietileno. Compatible con elementos de protecci\u00f3n auditiva incorporables; usado en labores de construcci\u00f3n, petroleras y mineras.<\/p>\n","protected":false},"featured_media":1726,"comment_status":"open","ping_status":"closed","template":"","meta":{"site-sidebar-layout":"default","site-content-layout":"default","ast-main-header-display":"","ast-hfb-above-header-display":"","ast-hfb-below-header-display":"","ast-hfb-mobile-header-display":"","site-post-title":"","ast-breadcrumbs-content":"","ast-featured-img":"","footer-sml-layout":"","theme-transparent-header-meta":"default","adv-header-id-meta":"","stick-header-meta":"","header-above-stick-meta":"","header-main-stick-meta":"","header-below-stick-meta":""},"product_brand":[],"product_cat":[20],"product_tag":[],"class_list":{"0":"post-1286","1":"product","2":"type-product","3":"status-publish","4":"has-post-thumbnail","6":"product_cat-proteccion-a-la-cabeza","8":"first","9":"instock","10":"shipping-taxable","11":"product-type-simple"},"_links":{"self":[{"href":"https:\/\/eyrsecurity.com\/index.php?rest_route=\/wp\/v2\/product\/1286","targetHints":{"allow":["GET"]}}],"collection":[{"href":"https:\/\/eyrsecurity.com\/index.php?rest_route=\/wp\/v2\/product"}],"about":[{"href":"https:\/\/eyrsecurity.com\/index.php?rest_route=\/wp\/v2\/types\/product"}],"replies":[{"embeddable":true,"href":"https:\/\/eyrsecurity.com\/index.php?rest_route=%2Fwp%2Fv2%2Fcomments&post=1286"}],"wp:featuredmedia":[{"embeddable":true,"href":"https:\/\/eyrsecurity.com\/index.php?rest_route=\/wp\/v2\/media\/1726"}],"wp:attachment":[{"href":"https:\/\/eyrsecurity.com\/index.php?rest_route=%2Fwp%2Fv2%2Fmedia&parent=1286"}],"wp:term":[{"taxonomy":"product_brand","embeddable":true,"href":"https:\/\/eyrsecurity.com\/index.php?rest_route=%2Fwp%2Fv2%2Fproduct_brand&post=1286"},{"taxonomy":"product_cat","embeddable":true,"href":"https:\/\/eyrsecurity.com\/index.php?rest_route=%2Fwp%2Fv2%2Fproduct_cat&post=1286"},{"taxonomy":"product_tag","embeddable":true,"href":"https:\/\/eyrsecurity.com\/index.php?rest_route=%2Fwp%2Fv2%2Fproduct_tag&post=1286"}],"curies":[{"name":"wp","href":"https:\/\/api.w.org\/{rel}","templated":true}]}}